{"id":212829,"date":"2020-08-16T23:05:11","date_gmt":"2020-08-16T21:05:11","guid":{"rendered":"https:\/\/www.interviewns.de\/wordpress\/?page_id=212829"},"modified":"2021-09-01T12:05:50","modified_gmt":"2021-09-01T10:05:50","slug":"produkte","status":"publish","type":"page","link":"https:\/\/www.interviewns.de\/en_us\/produkte\/","title":{"rendered":"Produkte"},"content":{"rendered":"<p>[et_pb_section fb_built=&#8221;1&#8243; admin_label=&#8221;Hero&#8221; _builder_version=&#8221;4.5.1&#8243; background_color=&#8221;rgba(0,0,0,0)&#8221; use_background_color_gradient=&#8221;on&#8221; background_color_gradient_start=&#8221;rgba(0,0,0,0.12)&#8221; background_color_gradient_end=&#8221;rgba(0,0,0,0.83)&#8221; background_image=&#8221;https:\/\/www.interviewns.de\/wp-content\/uploads\/2020\/07\/INSBrowsers.jpg&#8221; background_blend=&#8221;saturation&#8221; max_width=&#8221;100%&#8221; custom_padding=&#8221;119px|0px|50px|0px|false|false&#8221; top_divider_color=&#8221;#17161B&#8221; bottom_divider_height=&#8221;99px&#8221; animation_direction=&#8221;top&#8221; locked=&#8221;off&#8221;][et_pb_row _builder_version=&#8221;4.5.1&#8243; _module_preset=&#8221;default&#8221;][et_pb_column type=&#8221;4_4&#8243; _builder_version=&#8221;4.5.1&#8243; _module_preset=&#8221;default&#8221;][et_pb_text _builder_version=&#8221;4.5.1&#8243; header_font=&#8221;|700|||||||&#8221; header_font_size=&#8221;120px&#8221; header_line_height=&#8221;1.3em&#8221; background_layout=&#8221;dark&#8221; custom_margin=&#8221;0px||0px||false|false&#8221; custom_padding=&#8221;0px||0px||false|false&#8221; animation_style=&#8221;slide&#8221; animation_direction=&#8221;left&#8221; animation_intensity_slide=&#8221;1%&#8221; header_font_size_last_edited=&#8221;off|desktop&#8221; locked=&#8221;off&#8221;]<\/p>\n<h1>Produkte<\/h1>\n<p>[\/et_pb_text][et_pb_button button_url=&#8221;\/use-cases&#8221; button_text=&#8221;USE CASES&#8221; button_alignment=&#8221;center&#8221; _builder_version=&#8221;4.5.1&#8243; _module_preset=&#8221;default&#8221; custom_button=&#8221;on&#8221; button_text_size=&#8221;16px&#8221; button_text_color=&#8221;#ffffff&#8221; button_border_width=&#8221;1px&#8221; button_border_radius=&#8221;5px&#8221; button_font=&#8221;|300|||||||&#8221; button_use_icon=&#8221;off&#8221; custom_margin=&#8221;||||false|false&#8221; locked=&#8221;off&#8221; button_bg_color__hover_enabled=&#8221;on|hover&#8221; button_text_color__hover_enabled=&#8221;on|hover&#8221; button_text_color__hover=&#8221;#000000&#8243; button_bg_color__hover=&#8221;#ffffff&#8221; button_bg_enable_color__hover=&#8221;on&#8221; button_border_color__hover_enabled=&#8221;off|hover&#8221; button_border_color__hover=&#8221;#000000&#8243;][\/et_pb_button][\/et_pb_column][\/et_pb_row][\/et_pb_section][et_pb_section fb_built=&#8221;1&#8243; _builder_version=&#8221;4.5.1&#8243; _module_preset=&#8221;default&#8221;][et_pb_row _builder_version=&#8221;4.5.1&#8243; _module_preset=&#8221;default&#8221; background_color=&#8221;rgba(0,0,0,0)&#8221;][et_pb_column type=&#8221;4_4&#8243; _builder_version=&#8221;4.5.1&#8243; _module_preset=&#8221;default&#8221;][et_pb_text _builder_version=&#8221;4.5.1&#8243; _module_preset=&#8221;default&#8221; header_font_size=&#8221;66px&#8221; background_color=&#8221;rgba(0,0,0,0)&#8221; custom_padding=&#8221;|||10px|false|false&#8221; link_option_url=&#8221;\/slic&#8221;]<\/p>\n<h1><strong>SLIC Interview<\/strong><\/h1>\n<p>[\/et_pb_text][\/et_pb_column][\/et_pb_row][et_pb_row column_structure=&#8221;3_5,2_5&#8243; _builder_version=&#8221;4.5.1&#8243; _module_preset=&#8221;default&#8221;][et_pb_column type=&#8221;3_5&#8243; _builder_version=&#8221;4.5.1&#8243; _module_preset=&#8221;default&#8221;][et_pb_text _builder_version=&#8221;4.5.1&#8243; _module_preset=&#8221;default&#8221; header_2_font_size=&#8221;45px&#8221; header_3_font_size=&#8221;30px&#8221; custom_padding=&#8221;|||10px|false|false&#8221;]<\/p>\n<h3><span style=\"font-size: 14px;\"><strong>SLIC ist eine L\u00f6sung f\u00fcr das Service Management und behandelt die Funktionen<\/strong><\/span><\/h3>\n<ul>\n<li>\n<h4><strong>Multi-Technologie Data Import<\/strong> \u2013 Daten werden aus vorhandenen Monitoring L\u00f6sungen via API, Datenbank oder per CSV\/JSON\u00a0 importiert<\/h4>\n<\/li>\n<li>\n<h4><strong>Erfassung von Incidents<\/strong>, unter Ber\u00fccksichtigung von Wartungszeiten, Betriebszeiten<\/h4>\n<\/li>\n<li>\n<h4><strong>automatische SLA Report<\/strong> Erstellung unter Verwendung einer Vielzahl von Datenquellen<\/h4>\n<\/li>\n<li>\n<h4>Workflows f\u00fcr die <strong>Korrelation<\/strong> und Reporting von technologie-\u00fcbergreifenden Incidents<\/h4>\n<\/li>\n<li>\n<h4>OneView \u2013\u00a0 <strong>Aggregierung<\/strong> von service-bezogenen Technologie-, User-Experience \u2013 und Service Level Daten in eine zentrale Perspektive<\/h4>\n<\/li>\n<\/ul>\n<p>[\/et_pb_text][\/et_pb_column][et_pb_column type=&#8221;2_5&#8243; _builder_version=&#8221;4.5.1&#8243; _module_preset=&#8221;default&#8221;][et_pb_image src=&#8221;https:\/\/www.interviewns.de\/wp-content\/uploads\/2020\/10\/OneView.png&#8221; title_text=&#8221;OneView&#8221; _builder_version=&#8221;4.5.1&#8243; _module_preset=&#8221;default&#8221;][\/et_pb_image][\/et_pb_column][\/et_pb_row][et_pb_row _builder_version=&#8221;4.5.1&#8243; _module_preset=&#8221;default&#8221;][et_pb_column type=&#8221;4_4&#8243; _builder_version=&#8221;4.5.1&#8243; _module_preset=&#8221;default&#8221;][et_pb_text _builder_version=&#8221;4.5.1&#8243; _module_preset=&#8221;default&#8221; background_color=&#8221;#d2e4f9&#8243; custom_margin=&#8221;|||0px|false|false&#8221; custom_padding=&#8221;20px|20px|10px|20px|false|true&#8221;]<\/p>\n<h2><strong>Wertversprechen\u00a0<\/strong><\/h2>\n<ul>\n<li>\n<h4>Technologie, Business Kennzahlen, User experience und Service Level in eine automatisierte Sicht &#8211; Management, Kunden, Technik-Departments sehen die selben Service Kennzahlen.<\/h4>\n<\/li>\n<li>\n<h4>Sofortige Erkennung der Abh\u00e4ngigkeiten bei Service Failures \u00a0verk\u00fcrzt die Ursachenfindung und Ausfallzeit<\/h4>\n<\/li>\n<li>\n<h4>manueller Aufwand f\u00fcr SLA Reporting entf\u00e4llt<\/h4>\n<\/li>\n<\/ul>\n<p>[\/et_pb_text][\/et_pb_column][\/et_pb_row][et_pb_row _builder_version=&#8221;4.5.1&#8243; _module_preset=&#8221;default&#8221; background_color=&#8221;rgba(0,0,0,0)&#8221;][et_pb_column type=&#8221;4_4&#8243; _builder_version=&#8221;4.5.1&#8243; _module_preset=&#8221;default&#8221;][et_pb_text _builder_version=&#8221;4.5.1&#8243; _module_preset=&#8221;default&#8221; header_font_size=&#8221;66px&#8221; link_option_url=&#8221;\/intertrace&#8221; hover_enabled=&#8221;0&#8243;]<\/p>\n<h1>SharkMon<\/h1>\n<h2>PCAP Packet-Analyse und Deep-Content-Monitoring<\/h2>\n<p>[\/et_pb_text][\/et_pb_column][\/et_pb_row][et_pb_row column_structure=&#8221;1_2,1_2&#8243; _builder_version=&#8221;4.5.1&#8243; _module_preset=&#8221;default&#8221;][et_pb_column type=&#8221;1_2&#8243; _builder_version=&#8221;4.5.1&#8243; _module_preset=&#8221;default&#8221;][et_pb_text _builder_version=&#8221;4.5.1&#8243; _module_preset=&#8221;default&#8221; custom_padding=&#8221;1px|||10px|false|false&#8221;]<\/p>\n<ul>\n<li>\n<h4>Vielzahl von einzelnen \u00a0PCAP TraceFiles in eine kontinuierliche Langzeit-Sicht<\/h4>\n<\/li>\n<li>\n<h4>kann Monitoring-Metriken \u00fcber beliebige Protokoll-Felder erstellen, und damit neben Standard-Informationen von TCP oder HTTP auch Informationen liefern \u00fcber TLS, DSN, LDAP, SAP -, Industrial Ethernet &#8211; oder auch \u00fcber propriet\u00e4re Anwendungen.<\/h4>\n<\/li>\n<li>\n<h4>\u00a0kann in beliebigen Szenarien, wie zB. VM, Cloud &#8211; oder im Datacenter eingesetzt werden, wenn zB. Capture Appliances eingesetzt werden.<\/h4>\n<\/li>\n<li>\n<h4>aus der Analyse Incidents werden Incidents erkannt &#8211; ordnet diese technischen Kategorien (Application, Network, Connection) zu, so dass sich schnell Zust\u00e4ndigkeiten erkennen lassen.<\/h4>\n<\/li>\n<li>\n<h4>kann Incidents exportieren und damit als Events in Event Management Systemen oder auch SLIC verwenden.<\/h4>\n<\/li>\n<\/ul>\n<p>[\/et_pb_text][\/et_pb_column][et_pb_column type=&#8221;1_2&#8243; _builder_version=&#8221;4.5.1&#8243; _module_preset=&#8221;default&#8221;][et_pb_image src=&#8221;https:\/\/www.interviewns.de\/wp-content\/uploads\/2020\/08\/packc1.jpg&#8221; title_text=&#8221;packc1&#8243; _builder_version=&#8221;4.5.1&#8243; _module_preset=&#8221;default&#8221;][\/et_pb_image][\/et_pb_column][\/et_pb_row][et_pb_row _builder_version=&#8221;4.5.1&#8243; _module_preset=&#8221;default&#8221;][et_pb_column type=&#8221;4_4&#8243; _builder_version=&#8221;4.5.1&#8243; _module_preset=&#8221;default&#8221;][et_pb_text _builder_version=&#8221;4.5.1&#8243; _module_preset=&#8221;default&#8221; background_color=&#8221;#d2e4f9&#8243; custom_margin=&#8221;|||0px|false|false&#8221; custom_padding=&#8221;21px|20px|10px|20px|false|true&#8221;]<\/p>\n<h2><strong>Vorteil<\/strong><\/h2>\n<ul>\n<li>\n<h4>Verwendung der selben Technologie f\u00fcr Deep Packet Analyse und Monitoring \u2013 basierend auf Wireshark \u2013 keine neuen Tools \/ Produkte, Learning<\/h4>\n<\/li>\n<li>\n<h4>Alle Protokolle \/ Felder aus Wireshark k\u00f6nnen als Monitor-Metrik verwendet werden<\/h4>\n<\/li>\n<li>\n<h4>Einsatz m\u00f6glich in der Cloud, auf VM Systemen oder im Datacenter durch Integration von Capture Appliances<\/h4>\n<\/li>\n<\/ul>\n<p>[\/et_pb_text][\/et_pb_column][\/et_pb_row][\/et_pb_section]<\/p>\n","protected":false},"excerpt":{"rendered":"<p>ProdukteSLIC InterviewSLIC ist eine L\u00f6sung f\u00fcr das Service Management und behandelt die Funktionen Multi-Technologie Data Import \u2013 Daten werden aus vorhandenen Monitoring L\u00f6sungen via API, Datenbank oder per CSV\/JSON\u00a0 importiert Erfassung von Incidents, unter Ber\u00fccksichtigung von Wartungszeiten, Betriebszeiten automatische SLA Report Erstellung unter Verwendung einer Vielzahl von Datenquellen Workflows f\u00fcr die Korrelation und Reporting von [&hellip;]<\/p>\n","protected":false},"author":2,"featured_media":0,"parent":0,"menu_order":0,"comment_status":"closed","ping_status":"closed","template":"","meta":{"_et_pb_use_builder":"on","_et_pb_old_content":"<!-- wp:paragraph -->\n<p>Dies ist eine Beispiel-Seite. Sie unterscheidet sich von Beitr\u00e4gen, da sie stets an derselben Stelle bleibt und (bei den meisten Themes) in der Website-Navigation angezeigt wird. Die meisten starten mit einem Impressum, der Datenschutzerkl\u00e4rung oder einer \u201e\u00dcber&nbsp;uns\u201c-Seite, um sich potenziellen Besuchern der Website vorzustellen. Dort k\u00f6nnte zum Beispiel stehen:<\/p>\n<!-- \/wp:paragraph -->\n\n<!-- wp:quote -->\n<blockquote class=\"wp-block-quote\"><p>Hallo! Tags\u00fcber arbeite ich als Fahrradkurier, nachts bin ich ein aufstrebender Schauspieler und dies hier ist meine Website. Ich lebe in Berlin, habe einen gro\u00dfen Hund namens Jack, mag Pi&#241;a Coladas, jedoch weniger (ohne Schirm) im Regen stehen gelassen zu werden.<\/p><\/blockquote>\n<!-- \/wp:quote -->\n\n<!-- wp:paragraph -->\n<p>...oder so etwas wie das hier:<\/p>\n<!-- \/wp:paragraph -->\n\n<!-- wp:quote -->\n<blockquote class=\"wp-block-quote\"><p>Das Unternehmen XYZ wurde 1971 gegr\u00fcndet und versorgt die \u00d6ffentlichkeit seither mit qualitativ hochwertigen Produkten. An seinem Standort in einer kleinen Gro\u00dfstadt besch\u00e4ftigt der Betrieb \u00fcber 2.000 Menschen und unterst\u00fctzt die Stadtbewohner in vielfacher Hinsicht.<\/p><\/blockquote>\n<!-- \/wp:quote -->\n\n<!-- wp:paragraph -->\n<p>Als neuer WordPress-Benutzer sollten Sie <a href=\"https:\/\/www.interviewns.de\/wordpress\/wp-admin\/\">Ihr Dashboard<\/a> aufrufen, um diese Seite zu l\u00f6schen und neue Seiten und Beitr\u00e4ge f\u00fcr Ihre Website erstellen. Viel Spa\u00df!<\/p>\n<!-- \/wp:paragraph -->","_et_gb_content_width":"","content-type":"","om_disable_all_campaigns":false,"_monsterinsights_skip_tracking":false,"_monsterinsights_sitenote_active":false,"_monsterinsights_sitenote_note":"","_monsterinsights_sitenote_category":0,"footnotes":""},"class_list":["post-212829","page","type-page","status-publish","hentry"],"yoast_head":"<!-- This site is optimized with the Yoast SEO plugin v26.8 - https:\/\/yoast.com\/product\/yoast-seo-wordpress\/ -->\n<title>Produkte - Interview Network Solutions %<\/title>\n<meta name=\"description\" content=\"%\" \/>\n<meta name=\"robots\" content=\"index, follow, max-snippet:-1, max-image-preview:large, max-video-preview:-1\" \/>\n<link rel=\"canonical\" href=\"https:\/\/www.interviewns.de\/en_us\/produkte\/\" \/>\n<meta property=\"og:locale\" content=\"en_US\" \/>\n<meta property=\"og:type\" content=\"article\" \/>\n<meta property=\"og:title\" content=\"Produkte - Interview Network Solutions %\" \/>\n<meta property=\"og:description\" content=\"%\" \/>\n<meta property=\"og:url\" content=\"https:\/\/www.interviewns.de\/en_us\/produkte\/\" \/>\n<meta property=\"og:site_name\" content=\"Interview Network Solutions\" \/>\n<meta property=\"article:modified_time\" content=\"2021-09-01T10:05:50+00:00\" \/>\n<meta name=\"twitter:card\" content=\"summary_large_image\" \/>\n<meta name=\"twitter:label1\" content=\"Est. reading time\" \/>\n\t<meta name=\"twitter:data1\" content=\"4 minutes\" \/>\n<script type=\"application\/ld+json\" class=\"yoast-schema-graph\">{\"@context\":\"https:\/\/schema.org\",\"@graph\":[{\"@type\":\"WebPage\",\"@id\":\"https:\/\/www.interviewns.de\/produkte\/\",\"url\":\"https:\/\/www.interviewns.de\/produkte\/\",\"name\":\"Produkte - Interview Network Solutions %\",\"isPartOf\":{\"@id\":\"https:\/\/www.interviewns.de\/en_us\/#website\"},\"datePublished\":\"2020-08-16T21:05:11+00:00\",\"dateModified\":\"2021-09-01T10:05:50+00:00\",\"description\":\"%\",\"breadcrumb\":{\"@id\":\"https:\/\/www.interviewns.de\/produkte\/#breadcrumb\"},\"inLanguage\":\"en-US\",\"potentialAction\":[{\"@type\":\"ReadAction\",\"target\":[\"https:\/\/www.interviewns.de\/produkte\/\"]}]},{\"@type\":\"BreadcrumbList\",\"@id\":\"https:\/\/www.interviewns.de\/produkte\/#breadcrumb\",\"itemListElement\":[{\"@type\":\"ListItem\",\"position\":1,\"name\":\"Startseite\",\"item\":\"https:\/\/www.interviewns.de\/en_us\/\"},{\"@type\":\"ListItem\",\"position\":2,\"name\":\"Produkte\"}]},{\"@type\":\"WebSite\",\"@id\":\"https:\/\/www.interviewns.de\/en_us\/#website\",\"url\":\"https:\/\/www.interviewns.de\/en_us\/\",\"name\":\"Interview Network Solutions\",\"description\":\"\",\"publisher\":{\"@id\":\"https:\/\/www.interviewns.de\/en_us\/#organization\"},\"potentialAction\":[{\"@type\":\"SearchAction\",\"target\":{\"@type\":\"EntryPoint\",\"urlTemplate\":\"https:\/\/www.interviewns.de\/en_us\/?s={search_term_string}\"},\"query-input\":{\"@type\":\"PropertyValueSpecification\",\"valueRequired\":true,\"valueName\":\"search_term_string\"}}],\"inLanguage\":\"en-US\"},{\"@type\":\"Organization\",\"@id\":\"https:\/\/www.interviewns.de\/en_us\/#organization\",\"name\":\"Interview Network Solutions\",\"url\":\"https:\/\/www.interviewns.de\/en_us\/\",\"logo\":{\"@type\":\"ImageObject\",\"inLanguage\":\"en-US\",\"@id\":\"https:\/\/www.interviewns.de\/en_us\/#\/schema\/logo\/image\/\",\"url\":\"https:\/\/www.interviewns.de\/wp-content\/uploads\/2021\/05\/ins-main-logo.png\",\"contentUrl\":\"https:\/\/www.interviewns.de\/wp-content\/uploads\/2021\/05\/ins-main-logo.png\",\"width\":297,\"height\":138,\"caption\":\"Interview Network Solutions\"},\"image\":{\"@id\":\"https:\/\/www.interviewns.de\/en_us\/#\/schema\/logo\/image\/\"}}]}<\/script>\n<!-- \/ Yoast SEO plugin. -->","yoast_head_json":{"title":"Produkte - Interview Network Solutions %","description":"%","robots":{"index":"index","follow":"follow","max-snippet":"max-snippet:-1","max-image-preview":"max-image-preview:large","max-video-preview":"max-video-preview:-1"},"canonical":"https:\/\/www.interviewns.de\/en_us\/produkte\/","og_locale":"en_US","og_type":"article","og_title":"Produkte - Interview Network Solutions %","og_description":"%","og_url":"https:\/\/www.interviewns.de\/en_us\/produkte\/","og_site_name":"Interview Network Solutions","article_modified_time":"2021-09-01T10:05:50+00:00","twitter_card":"summary_large_image","twitter_misc":{"Est. reading time":"4 minutes"},"schema":{"@context":"https:\/\/schema.org","@graph":[{"@type":"WebPage","@id":"https:\/\/www.interviewns.de\/produkte\/","url":"https:\/\/www.interviewns.de\/produkte\/","name":"Produkte - Interview Network Solutions %","isPartOf":{"@id":"https:\/\/www.interviewns.de\/en_us\/#website"},"datePublished":"2020-08-16T21:05:11+00:00","dateModified":"2021-09-01T10:05:50+00:00","description":"%","breadcrumb":{"@id":"https:\/\/www.interviewns.de\/produkte\/#breadcrumb"},"inLanguage":"en-US","potentialAction":[{"@type":"ReadAction","target":["https:\/\/www.interviewns.de\/produkte\/"]}]},{"@type":"BreadcrumbList","@id":"https:\/\/www.interviewns.de\/produkte\/#breadcrumb","itemListElement":[{"@type":"ListItem","position":1,"name":"Startseite","item":"https:\/\/www.interviewns.de\/en_us\/"},{"@type":"ListItem","position":2,"name":"Produkte"}]},{"@type":"WebSite","@id":"https:\/\/www.interviewns.de\/en_us\/#website","url":"https:\/\/www.interviewns.de\/en_us\/","name":"Interview Network Solutions","description":"","publisher":{"@id":"https:\/\/www.interviewns.de\/en_us\/#organization"},"potentialAction":[{"@type":"SearchAction","target":{"@type":"EntryPoint","urlTemplate":"https:\/\/www.interviewns.de\/en_us\/?s={search_term_string}"},"query-input":{"@type":"PropertyValueSpecification","valueRequired":true,"valueName":"search_term_string"}}],"inLanguage":"en-US"},{"@type":"Organization","@id":"https:\/\/www.interviewns.de\/en_us\/#organization","name":"Interview Network Solutions","url":"https:\/\/www.interviewns.de\/en_us\/","logo":{"@type":"ImageObject","inLanguage":"en-US","@id":"https:\/\/www.interviewns.de\/en_us\/#\/schema\/logo\/image\/","url":"https:\/\/www.interviewns.de\/wp-content\/uploads\/2021\/05\/ins-main-logo.png","contentUrl":"https:\/\/www.interviewns.de\/wp-content\/uploads\/2021\/05\/ins-main-logo.png","width":297,"height":138,"caption":"Interview Network Solutions"},"image":{"@id":"https:\/\/www.interviewns.de\/en_us\/#\/schema\/logo\/image\/"}}]}},"_links":{"self":[{"href":"https:\/\/www.interviewns.de\/en_us\/wp-json\/wp\/v2\/pages\/212829","targetHints":{"allow":["GET"]}}],"collection":[{"href":"https:\/\/www.interviewns.de\/en_us\/wp-json\/wp\/v2\/pages"}],"about":[{"href":"https:\/\/www.interviewns.de\/en_us\/wp-json\/wp\/v2\/types\/page"}],"author":[{"embeddable":true,"href":"https:\/\/www.interviewns.de\/en_us\/wp-json\/wp\/v2\/users\/2"}],"replies":[{"embeddable":true,"href":"https:\/\/www.interviewns.de\/en_us\/wp-json\/wp\/v2\/comments?post=212829"}],"version-history":[{"count":33,"href":"https:\/\/www.interviewns.de\/en_us\/wp-json\/wp\/v2\/pages\/212829\/revisions"}],"predecessor-version":[{"id":213571,"href":"https:\/\/www.interviewns.de\/en_us\/wp-json\/wp\/v2\/pages\/212829\/revisions\/213571"}],"wp:attachment":[{"href":"https:\/\/www.interviewns.de\/en_us\/wp-json\/wp\/v2\/media?parent=212829"}],"curies":[{"name":"wp","href":"https:\/\/api.w.org\/{rel}","templated":true}]}}