{"id":212848,"date":"2020-08-16T23:37:22","date_gmt":"2020-08-16T21:37:22","guid":{"rendered":"https:\/\/www.interviewns.de\/wordpress\/?page_id=212848"},"modified":"2020-10-30T16:44:58","modified_gmt":"2020-10-30T15:44:58","slug":"loesungen","status":"publish","type":"page","link":"https:\/\/www.interviewns.de\/en_us\/loesungen\/","title":{"rendered":"L\u00f6sungen"},"content":{"rendered":"<p>[et_pb_section fb_built=&#8221;1&#8243; admin_label=&#8221;Hero&#8221; _builder_version=&#8221;4.5.1&#8243; background_color=&#8221;#111111&#8243; background_image=&#8221;https:\/\/www.interviewns.de\/wp-content\/uploads\/2020\/07\/Annotation-2020-07-20-142921-e1596033360577.jpg&#8221; background_blend=&#8221;luminosity&#8221; max_width=&#8221;100%&#8221; min_height=&#8221;329px&#8221; height=&#8221;498px&#8221; custom_padding=&#8221;24px||||false|false&#8221; filter_saturate=&#8221;159%&#8221; filter_invert=&#8221;97%&#8221; top_divider_color=&#8221;#17161B&#8221; bottom_divider_height=&#8221;99px&#8221; animation_direction=&#8221;top&#8221; locked=&#8221;off&#8221;][et_pb_row _builder_version=&#8221;4.5.1&#8243; _module_preset=&#8221;default&#8221; custom_margin=&#8221;0px||0px||false|false&#8221; custom_padding=&#8221;0px||0px||false|false&#8221;][et_pb_column type=&#8221;4_4&#8243; _builder_version=&#8221;4.5.1&#8243; _module_preset=&#8221;default&#8221;][et_pb_text _builder_version=&#8221;4.5.1&#8243; header_font=&#8221;|700|||||||&#8221; header_font_size=&#8221;111px&#8221; header_letter_spacing=&#8221;19px&#8221; header_line_height=&#8221;2.5em&#8221; background_enable_color=&#8221;off&#8221; background_layout=&#8221;dark&#8221; custom_margin=&#8221;0px||0px||false|false&#8221; custom_padding=&#8221;0px||0px||false|false&#8221; filter_saturate=&#8221;135%&#8221; animation_style=&#8221;slide&#8221; animation_direction=&#8221;left&#8221; animation_intensity_slide=&#8221;1%&#8221; header_font_size_last_edited=&#8221;off|desktop&#8221; locked=&#8221;off&#8221;]<\/p>\n<h1 style=\"text-align: center;\"><span style=\"color: #800000;\">L\u00f6sungen<\/span><\/h1>\n<p>[\/et_pb_text][et_pb_code _builder_version=&#8221;4.5.1&#8243; _module_preset=&#8221;default&#8221; custom_padding=&#8221;||10px||false|false&#8221;]<\/p>\n<style><!-- [et_pb_line_break_holder] -->  #checkmarks li::before {<!-- [et_pb_line_break_holder] -->    font-family:\"etmodules\";<!-- [et_pb_line_break_holder] -->    content:\"4e\";<!-- [et_pb_line_break_holder] -->    padding-right: 10px;<!-- [et_pb_line_break_holder] -->    font-weight:800;<!-- [et_pb_line_break_holder] -->    color:white<!-- [et_pb_line_break_holder] -->  }<!-- [et_pb_line_break_holder] --><\/style>\n<p>[\/et_pb_code][\/et_pb_column][\/et_pb_row][\/et_pb_section][et_pb_section fb_built=&#8221;1&#8243; _builder_version=&#8221;4.5.1&#8243; _module_preset=&#8221;default&#8221; background_color=&#8221;rgba(136,196,221,0.46)&#8221;][et_pb_row _builder_version=&#8221;4.5.1&#8243; _module_preset=&#8221;default&#8221;][et_pb_column type=&#8221;4_4&#8243; _builder_version=&#8221;4.5.1&#8243; _module_preset=&#8221;default&#8221;][et_pb_text _builder_version=&#8221;4.5.1&#8243; _dynamic_attributes=&#8221;link_option_url&#8221; _module_preset=&#8221;default&#8221; link_option_url=&#8221;@ET-DC@eyJkeW5hbWljIjp0cnVlLCJjb250ZW50IjoicG9zdF9saW5rX3VybF9wYWdlIiwic2V0dGluZ3MiOnsicG9zdF9pZCI6IjIxMjg1NyJ9fQ==@&#8221; hover_enabled=&#8221;0&#8243;]<\/p>\n<h1><strong>Deep Packet Analyse<\/strong><\/h1>\n<p>[\/et_pb_text][\/et_pb_column][\/et_pb_row][et_pb_row _builder_version=&#8221;4.5.1&#8243; _module_preset=&#8221;default&#8221;][et_pb_column type=&#8221;4_4&#8243; _builder_version=&#8221;4.5.1&#8243; _module_preset=&#8221;default&#8221;][et_pb_text _builder_version=&#8221;4.5.1&#8243; _module_preset=&#8221;default&#8221;]<\/p>\n<p>Network Packets \u00fcbertragen nicht nur Daten, sie sind auch das wertvollste Element zur Erkennung von Fehlern, Incidents, Performance und Verf\u00fcgbarkeit.<\/p>\n<p>Dazu sollte ein\u00a0 Anwender selber definieren k\u00f6nnen, was ein kritischer Zustand ist, auf welche Protokolle dies sich bezieht, welcher Inhalt relevant ist.\u00a0<\/p>\n<p>Mit unserer L\u00f6sung kann ein extrem tiefes Monitoring aufgesetzt werden, dass die Aspekte &#8211; Network , Application und Security umfasst.<\/p>\n<p>Auch f\u00fcr Industrie-Umgebungen l\u00e4sst sich die L\u00f6sung verwneden, um zB. Industrial Ethernet oder auch Produkts-dtan zu analysieren.<\/p>\n<p>[\/et_pb_text][\/et_pb_column][\/et_pb_row][\/et_pb_section][et_pb_section fb_built=&#8221;1&#8243; _builder_version=&#8221;4.5.1&#8243; _module_preset=&#8221;default&#8221; background_color=&#8221;#d6d6d6&#8243; custom_margin=&#8221;||||false|false&#8221; custom_padding=&#8221;0px||||false|false&#8221;][et_pb_row _builder_version=&#8221;4.5.1&#8243; _module_preset=&#8221;default&#8221;][et_pb_column type=&#8221;4_4&#8243; _builder_version=&#8221;4.5.1&#8243; _module_preset=&#8221;default&#8221;][et_pb_text _builder_version=&#8221;4.5.1&#8243; header_font=&#8221;|on|||&#8221; header_text_color=&#8221;#0E0E12&#8243; header_font_size=&#8221;45px&#8221; header_line_height=&#8221;1.5em&#8221; header_2_font=&#8221;|on|||&#8221; header_2_text_color=&#8221;#0E0E12&#8243; header_2_font_size=&#8221;30px&#8221; header_2_line_height=&#8221;1.5em&#8221; custom_margin=&#8221;||20px|&#8221; animation_style=&#8221;slide&#8221; animation_direction=&#8221;bottom&#8221; animation_intensity_slide=&#8221;10%&#8221; link_option_url=&#8221;sla-reporting\/&#8221; locked=&#8221;off&#8221;]<\/p>\n<h2>Service Management<\/h2>\n<p>[\/et_pb_text][et_pb_text _builder_version=&#8221;4.5.1&#8243; _dynamic_attributes=&#8221;link_option_url&#8221; _module_preset=&#8221;default&#8221; link_option_url=&#8221;@ET-DC@eyJkeW5hbWljIjp0cnVlLCJjb250ZW50IjoicG9zdF9saW5rX3VybF9wYWdlIiwic2V0dGluZ3MiOnsicG9zdF9pZCI6IjIxMzM3MiJ9fQ==@&#8221;]<\/p>\n<h2>Business Impact Management<\/h2>\n<p>[\/et_pb_text][et_pb_text _builder_version=&#8221;4.5.1&#8243; _module_preset=&#8221;default&#8221; custom_padding=&#8221;1px||2px|||&#8221;]<\/p>\n<p>Vernetzte Dienste sind auch vernetzte Zust\u00e4nde, die sich kontinuierlich beeinflussen. So hat das Netzwerk einen Impalt aauf die Applikatins-Performance, die wiederum die Gesch\u00e4ftstransaktionen beeinflusst.\u00a0<\/p>\n<p>H\u00e4ufig werdne diese technologie-\u00fcbergreifenden Auswirkungen nicht sichtbar.\u00a0<\/p>\n<p>Wir entwickeln Methoden, um den Einflu\u00df von technischen Paramtern auf den Servie als Ganzes sichtbar zu machen &#8211; und damit Ursache-Wirkung Beziehungen aufzuzeigen.\u00a0<\/p>\n<p>[\/et_pb_text][et_pb_text _builder_version=&#8221;4.5.1&#8243; _dynamic_attributes=&#8221;link_option_url&#8221; header_font=&#8221;|on|||&#8221; header_text_color=&#8221;#0E0E12&#8243; header_font_size=&#8221;45px&#8221; header_line_height=&#8221;1.5em&#8221; header_2_font=&#8221;|on|||&#8221; header_2_text_color=&#8221;#0E0E12&#8243; header_2_font_size=&#8221;30px&#8221; header_2_line_height=&#8221;1.5em&#8221; custom_margin=&#8221;||20px|&#8221; animation_style=&#8221;slide&#8221; animation_direction=&#8221;bottom&#8221; animation_intensity_slide=&#8221;10%&#8221; link_option_url=&#8221;@ET-DC@eyJkeW5hbWljIjp0cnVlLCJjb250ZW50IjoicG9zdF9saW5rX3VybF9wYWdlIiwic2V0dGluZ3MiOnsicG9zdF9pZCI6IjIxMjg1NSJ9fQ==@&#8221; locked=&#8221;off&#8221;]<\/p>\n<h2>Incident Korrelation<\/h2>\n<p>[\/et_pb_text][et_pb_text _builder_version=&#8221;4.5.1&#8243; _module_preset=&#8221;default&#8221;]<\/p>\n<p>Incidents treten nicht isoliert auf, sondern stellen Auswirkungen unterschiedlicher vorhergehender Zust\u00e4nde dar.<\/p>\n<p>Um Incidents schnell zu beheben, ist es unumg\u00e4nglich, die Ursachen zu erkennen, und zu eliminieren. Dazu m\u00fcssen alle Quellen integriert werden, die Incident-relevant sein k\u00f6nnen.<\/p>\n<p>Unsere L\u00f6sung importiert Daten aus verschiedenen Technologie- oder Gesch\u00e4fts-Prozessen und bietet M\u00f6glichkeiten, die Ursache-Wirkung-Beziehung zu erkennen und aufzuzeigen.<\/p>\n<p>[\/et_pb_text][et_pb_text _builder_version=&#8221;4.5.1&#8243; _dynamic_attributes=&#8221;link_option_url&#8221; header_font=&#8221;|on|||&#8221; header_text_color=&#8221;#0E0E12&#8243; header_font_size=&#8221;45px&#8221; header_line_height=&#8221;1.5em&#8221; header_2_font=&#8221;|on|||&#8221; header_2_text_color=&#8221;#0E0E12&#8243; header_2_font_size=&#8221;30px&#8221; header_2_line_height=&#8221;1.5em&#8221; custom_margin=&#8221;||20px|&#8221; animation_style=&#8221;slide&#8221; animation_direction=&#8221;bottom&#8221; animation_intensity_slide=&#8221;10%&#8221; link_option_url=&#8221;@ET-DC@eyJkeW5hbWljIjp0cnVlLCJjb250ZW50IjoicG9zdF9saW5rX3VybF9wYWdlIiwic2V0dGluZ3MiOnsicG9zdF9pZCI6IjIxMjg1OSJ9fQ==@&#8221; locked=&#8221;off&#8221;]<\/p>\n<h2>One View<\/h2>\n<p>[\/et_pb_text][et_pb_text _builder_version=&#8221;4.5.1&#8243; _module_preset=&#8221;default&#8221;]<\/p>\n<p>Jede Technologie liefert idR. auch\u00a0 ihre eigenen Monitor-Daten, damit sind in den Technologie-Abteilungen einen un\u00fcberschaubar gro\u00dfe Anzhl von Tools installiert. Diese Tools lassen\u00a0 sich nicht mehr miteinander in Relation bringen, da diese auf unterschiedlichen Systemen in unterschiedlichsten Formaten arbeiten &#8211; somit kann keine technologie-\u00fcbergreifendes Service-Betrachtung stattfinden.<\/p>\n<p>SLIC ist eine L\u00f6sung, die den Import unterschiedlicher Daten aus verteilten Monitoren erm\u00f6glicht , die Daten aggregiert und in zentralen OneView-Dashboards aufzeigt.<\/p>\n<p>[\/et_pb_text][et_pb_text _builder_version=&#8221;4.5.1&#8243; _dynamic_attributes=&#8221;link_option_url&#8221; header_font=&#8221;|on|||&#8221; header_text_color=&#8221;#0E0E12&#8243; header_font_size=&#8221;45px&#8221; header_line_height=&#8221;1.5em&#8221; header_2_font=&#8221;|on|||&#8221; header_2_text_color=&#8221;#0E0E12&#8243; header_2_font_size=&#8221;30px&#8221; header_2_line_height=&#8221;1.5em&#8221; custom_margin=&#8221;||20px|&#8221; animation_style=&#8221;slide&#8221; animation_direction=&#8221;bottom&#8221; animation_intensity_slide=&#8221;10%&#8221; link_option_url=&#8221;@ET-DC@eyJkeW5hbWljIjp0cnVlLCJjb250ZW50IjoicG9zdF9saW5rX3VybF9wYWdlIiwic2V0dGluZ3MiOnsicG9zdF9pZCI6IjIxMjg1MyJ9fQ==@&#8221; locked=&#8221;off&#8221;]<\/p>\n<h2>SLA Reporting<\/h2>\n<p>[\/et_pb_text][et_pb_text _builder_version=&#8221;4.5.1&#8243; _module_preset=&#8221;default&#8221;]<\/p>\n<p>Mit SLIC ist es m\u00f6glich, die Erstellung der SLA Reports vollst\u00e4ndig zu automatisieren und damit den Betrieb von dieser zeitaufwendigen Aufgabe zu entlasten.<\/p>\n<p>.<\/p>\n<p>[\/et_pb_text][\/et_pb_column][\/et_pb_row][\/et_pb_section]<\/p>\n","protected":false},"excerpt":{"rendered":"<p>L\u00f6sungenDeep Packet AnalyseNetwork Packets \u00fcbertragen nicht nur Daten, sie sind auch das wertvollste Element zur Erkennung von Fehlern, Incidents, Performance und Verf\u00fcgbarkeit. Dazu sollte ein\u00a0 Anwender selber definieren k\u00f6nnen, was ein kritischer Zustand ist, auf welche Protokolle dies sich bezieht, welcher Inhalt relevant ist.\u00a0 Mit unserer L\u00f6sung kann ein extrem tiefes Monitoring aufgesetzt werden, dass [&hellip;]<\/p>\n","protected":false},"author":2,"featured_media":0,"parent":0,"menu_order":0,"comment_status":"closed","ping_status":"closed","template":"","meta":{"_et_pb_use_builder":"on","_et_pb_old_content":"<!-- wp:paragraph -->\n<p>Dies ist eine Beispiel-Seite. Sie unterscheidet sich von Beitr\u00e4gen, da sie stets an derselben Stelle bleibt und (bei den meisten Themes) in der Website-Navigation angezeigt wird. Die meisten starten mit einem Impressum, der Datenschutzerkl\u00e4rung oder einer \u201e\u00dcber&nbsp;uns\u201c-Seite, um sich potenziellen Besuchern der Website vorzustellen. Dort k\u00f6nnte zum Beispiel stehen:<\/p>\n<!-- \/wp:paragraph -->\n\n<!-- wp:quote -->\n<blockquote class=\"wp-block-quote\"><p>Hallo! Tags\u00fcber arbeite ich als Fahrradkurier, nachts bin ich ein aufstrebender Schauspieler und dies hier ist meine Website. Ich lebe in Berlin, habe einen gro\u00dfen Hund namens Jack, mag Pi&#241;a Coladas, jedoch weniger (ohne Schirm) im Regen stehen gelassen zu werden.<\/p><\/blockquote>\n<!-- \/wp:quote -->\n\n<!-- wp:paragraph -->\n<p>...oder so etwas wie das hier:<\/p>\n<!-- \/wp:paragraph -->\n\n<!-- wp:quote -->\n<blockquote class=\"wp-block-quote\"><p>Das Unternehmen XYZ wurde 1971 gegr\u00fcndet und versorgt die \u00d6ffentlichkeit seither mit qualitativ hochwertigen Produkten. An seinem Standort in einer kleinen Gro\u00dfstadt besch\u00e4ftigt der Betrieb \u00fcber 2.000 Menschen und unterst\u00fctzt die Stadtbewohner in vielfacher Hinsicht.<\/p><\/blockquote>\n<!-- \/wp:quote -->\n\n<!-- wp:paragraph -->\n<p>Als neuer WordPress-Benutzer sollten Sie <a href=\"https:\/\/www.interviewns.de\/wordpress\/wp-admin\/\">Ihr Dashboard<\/a> aufrufen, um diese Seite zu l\u00f6schen und neue Seiten und Beitr\u00e4ge f\u00fcr Ihre Website erstellen. Viel Spa\u00df!<\/p>\n<!-- \/wp:paragraph -->","_et_gb_content_width":"","content-type":"","om_disable_all_campaigns":false,"_monsterinsights_skip_tracking":false,"_monsterinsights_sitenote_active":false,"_monsterinsights_sitenote_note":"","_monsterinsights_sitenote_category":0,"footnotes":""},"class_list":["post-212848","page","type-page","status-publish","hentry"],"yoast_head":"<!-- This site is optimized with the Yoast SEO plugin v26.8 - https:\/\/yoast.com\/product\/yoast-seo-wordpress\/ -->\n<title>L\u00f6sungen - Interview Network Solutions %<\/title>\n<meta name=\"description\" content=\"%\" \/>\n<meta name=\"robots\" content=\"index, follow, max-snippet:-1, max-image-preview:large, max-video-preview:-1\" \/>\n<link rel=\"canonical\" href=\"https:\/\/www.interviewns.de\/en_us\/loesungen\/\" \/>\n<meta property=\"og:locale\" content=\"en_US\" \/>\n<meta property=\"og:type\" content=\"article\" \/>\n<meta property=\"og:title\" content=\"L\u00f6sungen - Interview Network Solutions %\" \/>\n<meta property=\"og:description\" content=\"%\" \/>\n<meta property=\"og:url\" content=\"https:\/\/www.interviewns.de\/en_us\/loesungen\/\" \/>\n<meta property=\"og:site_name\" content=\"Interview Network Solutions\" \/>\n<meta property=\"article:modified_time\" content=\"2020-10-30T15:44:58+00:00\" \/>\n<meta name=\"twitter:card\" content=\"summary_large_image\" \/>\n<meta name=\"twitter:label1\" content=\"Est. reading time\" \/>\n\t<meta name=\"twitter:data1\" content=\"5 minutes\" \/>\n<script type=\"application\/ld+json\" class=\"yoast-schema-graph\">{\"@context\":\"https:\/\/schema.org\",\"@graph\":[{\"@type\":\"WebPage\",\"@id\":\"https:\/\/www.interviewns.de\/loesungen\/\",\"url\":\"https:\/\/www.interviewns.de\/loesungen\/\",\"name\":\"L\u00f6sungen - Interview Network Solutions %\",\"isPartOf\":{\"@id\":\"https:\/\/www.interviewns.de\/en_us\/#website\"},\"datePublished\":\"2020-08-16T21:37:22+00:00\",\"dateModified\":\"2020-10-30T15:44:58+00:00\",\"description\":\"%\",\"breadcrumb\":{\"@id\":\"https:\/\/www.interviewns.de\/loesungen\/#breadcrumb\"},\"inLanguage\":\"en-US\",\"potentialAction\":[{\"@type\":\"ReadAction\",\"target\":[\"https:\/\/www.interviewns.de\/loesungen\/\"]}]},{\"@type\":\"BreadcrumbList\",\"@id\":\"https:\/\/www.interviewns.de\/loesungen\/#breadcrumb\",\"itemListElement\":[{\"@type\":\"ListItem\",\"position\":1,\"name\":\"Startseite\",\"item\":\"https:\/\/www.interviewns.de\/en_us\/\"},{\"@type\":\"ListItem\",\"position\":2,\"name\":\"L\u00f6sungen\"}]},{\"@type\":\"WebSite\",\"@id\":\"https:\/\/www.interviewns.de\/en_us\/#website\",\"url\":\"https:\/\/www.interviewns.de\/en_us\/\",\"name\":\"Interview Network Solutions\",\"description\":\"\",\"publisher\":{\"@id\":\"https:\/\/www.interviewns.de\/en_us\/#organization\"},\"potentialAction\":[{\"@type\":\"SearchAction\",\"target\":{\"@type\":\"EntryPoint\",\"urlTemplate\":\"https:\/\/www.interviewns.de\/en_us\/?s={search_term_string}\"},\"query-input\":{\"@type\":\"PropertyValueSpecification\",\"valueRequired\":true,\"valueName\":\"search_term_string\"}}],\"inLanguage\":\"en-US\"},{\"@type\":\"Organization\",\"@id\":\"https:\/\/www.interviewns.de\/en_us\/#organization\",\"name\":\"Interview Network Solutions\",\"url\":\"https:\/\/www.interviewns.de\/en_us\/\",\"logo\":{\"@type\":\"ImageObject\",\"inLanguage\":\"en-US\",\"@id\":\"https:\/\/www.interviewns.de\/en_us\/#\/schema\/logo\/image\/\",\"url\":\"https:\/\/www.interviewns.de\/wp-content\/uploads\/2021\/05\/ins-main-logo.png\",\"contentUrl\":\"https:\/\/www.interviewns.de\/wp-content\/uploads\/2021\/05\/ins-main-logo.png\",\"width\":297,\"height\":138,\"caption\":\"Interview Network Solutions\"},\"image\":{\"@id\":\"https:\/\/www.interviewns.de\/en_us\/#\/schema\/logo\/image\/\"}}]}<\/script>\n<!-- \/ Yoast SEO plugin. -->","yoast_head_json":{"title":"L\u00f6sungen - Interview Network Solutions %","description":"%","robots":{"index":"index","follow":"follow","max-snippet":"max-snippet:-1","max-image-preview":"max-image-preview:large","max-video-preview":"max-video-preview:-1"},"canonical":"https:\/\/www.interviewns.de\/en_us\/loesungen\/","og_locale":"en_US","og_type":"article","og_title":"L\u00f6sungen - Interview Network Solutions %","og_description":"%","og_url":"https:\/\/www.interviewns.de\/en_us\/loesungen\/","og_site_name":"Interview Network Solutions","article_modified_time":"2020-10-30T15:44:58+00:00","twitter_card":"summary_large_image","twitter_misc":{"Est. reading time":"5 minutes"},"schema":{"@context":"https:\/\/schema.org","@graph":[{"@type":"WebPage","@id":"https:\/\/www.interviewns.de\/loesungen\/","url":"https:\/\/www.interviewns.de\/loesungen\/","name":"L\u00f6sungen - Interview Network Solutions %","isPartOf":{"@id":"https:\/\/www.interviewns.de\/en_us\/#website"},"datePublished":"2020-08-16T21:37:22+00:00","dateModified":"2020-10-30T15:44:58+00:00","description":"%","breadcrumb":{"@id":"https:\/\/www.interviewns.de\/loesungen\/#breadcrumb"},"inLanguage":"en-US","potentialAction":[{"@type":"ReadAction","target":["https:\/\/www.interviewns.de\/loesungen\/"]}]},{"@type":"BreadcrumbList","@id":"https:\/\/www.interviewns.de\/loesungen\/#breadcrumb","itemListElement":[{"@type":"ListItem","position":1,"name":"Startseite","item":"https:\/\/www.interviewns.de\/en_us\/"},{"@type":"ListItem","position":2,"name":"L\u00f6sungen"}]},{"@type":"WebSite","@id":"https:\/\/www.interviewns.de\/en_us\/#website","url":"https:\/\/www.interviewns.de\/en_us\/","name":"Interview Network Solutions","description":"","publisher":{"@id":"https:\/\/www.interviewns.de\/en_us\/#organization"},"potentialAction":[{"@type":"SearchAction","target":{"@type":"EntryPoint","urlTemplate":"https:\/\/www.interviewns.de\/en_us\/?s={search_term_string}"},"query-input":{"@type":"PropertyValueSpecification","valueRequired":true,"valueName":"search_term_string"}}],"inLanguage":"en-US"},{"@type":"Organization","@id":"https:\/\/www.interviewns.de\/en_us\/#organization","name":"Interview Network Solutions","url":"https:\/\/www.interviewns.de\/en_us\/","logo":{"@type":"ImageObject","inLanguage":"en-US","@id":"https:\/\/www.interviewns.de\/en_us\/#\/schema\/logo\/image\/","url":"https:\/\/www.interviewns.de\/wp-content\/uploads\/2021\/05\/ins-main-logo.png","contentUrl":"https:\/\/www.interviewns.de\/wp-content\/uploads\/2021\/05\/ins-main-logo.png","width":297,"height":138,"caption":"Interview Network Solutions"},"image":{"@id":"https:\/\/www.interviewns.de\/en_us\/#\/schema\/logo\/image\/"}}]}},"_links":{"self":[{"href":"https:\/\/www.interviewns.de\/en_us\/wp-json\/wp\/v2\/pages\/212848","targetHints":{"allow":["GET"]}}],"collection":[{"href":"https:\/\/www.interviewns.de\/en_us\/wp-json\/wp\/v2\/pages"}],"about":[{"href":"https:\/\/www.interviewns.de\/en_us\/wp-json\/wp\/v2\/types\/page"}],"author":[{"embeddable":true,"href":"https:\/\/www.interviewns.de\/en_us\/wp-json\/wp\/v2\/users\/2"}],"replies":[{"embeddable":true,"href":"https:\/\/www.interviewns.de\/en_us\/wp-json\/wp\/v2\/comments?post=212848"}],"version-history":[{"count":28,"href":"https:\/\/www.interviewns.de\/en_us\/wp-json\/wp\/v2\/pages\/212848\/revisions"}],"predecessor-version":[{"id":213567,"href":"https:\/\/www.interviewns.de\/en_us\/wp-json\/wp\/v2\/pages\/212848\/revisions\/213567"}],"wp:attachment":[{"href":"https:\/\/www.interviewns.de\/en_us\/wp-json\/wp\/v2\/media?parent=212848"}],"curies":[{"name":"wp","href":"https:\/\/api.w.org\/{rel}","templated":true}]}}