{"id":212859,"date":"2020-08-16T23:45:13","date_gmt":"2020-08-16T21:45:13","guid":{"rendered":"https:\/\/www.interviewns.de\/wordpress\/?page_id=212859"},"modified":"2021-06-30T14:48:53","modified_gmt":"2021-06-30T12:48:53","slug":"oneview","status":"publish","type":"page","link":"https:\/\/www.interviewns.de\/en_us\/loesungen\/oneview\/","title":{"rendered":"OneView"},"content":{"rendered":"<p>[et_pb_section fb_built=&#8221;1&#8243; admin_label=&#8221;Hero&#8221; _builder_version=&#8221;4.5.1&#8243; background_color=&#8221;rgba(0,0,0,0)&#8221; background_enable_image=&#8221;off&#8221; height=&#8221;200px&#8221; custom_padding=&#8221;20px||||false|false&#8221; top_divider_color=&#8221;#17161B&#8221; bottom_divider_height=&#8221;99px&#8221; animation_direction=&#8221;top&#8221; hover_enabled=&#8221;0&#8243; locked=&#8221;off&#8221;][et_pb_row _builder_version=&#8221;4.5.1&#8243; _module_preset=&#8221;default&#8221; custom_margin=&#8221;0px||0px||false|false&#8221; custom_padding=&#8221;0px||0px||false|false&#8221;][et_pb_column type=&#8221;4_4&#8243; _builder_version=&#8221;4.5.1&#8243; _module_preset=&#8221;default&#8221;][et_pb_text _builder_version=&#8221;4.5.1&#8243; header_font=&#8221;|700|||||||&#8221; header_font_size=&#8221;120px&#8221; header_line_height=&#8221;1.3em&#8221; background_layout=&#8221;dark&#8221; custom_margin=&#8221;0px||0px||false|false&#8221; custom_padding=&#8221;0px||0px||false|false&#8221; animation_style=&#8221;slide&#8221; animation_direction=&#8221;left&#8221; animation_intensity_slide=&#8221;1%&#8221; header_font_size_last_edited=&#8221;off|desktop&#8221; locked=&#8221;off&#8221;]<\/p>\n<h1>OneView360<\/h1>\n<p>[\/et_pb_text][\/et_pb_column][\/et_pb_row][\/et_pb_section][et_pb_section fb_built=&#8221;1&#8243; admin_label=&#8221;Hero&#8221; _builder_version=&#8221;4.5.1&#8243; background_color=&#8221;rgba(0,0,0,0)&#8221; background_enable_image=&#8221;off&#8221; background_blend=&#8221;saturation&#8221; custom_padding=&#8221;20px|0px|50px|0px|false|false&#8221; top_divider_color=&#8221;#17161B&#8221; bottom_divider_height=&#8221;99px&#8221; animation_direction=&#8221;top&#8221; hover_enabled=&#8221;0&#8243; locked=&#8221;off&#8221;][et_pb_row column_structure=&#8221;3_5,2_5&#8243; use_custom_gutter=&#8221;on&#8221; gutter_width=&#8221;2&#8243; _builder_version=&#8221;4.5.1&#8243; background_size=&#8221;initial&#8221; background_position=&#8221;top_left&#8221; background_repeat=&#8221;repeat&#8221; custom_margin=&#8221;|||&#8221; custom_width_px=&#8221;1280px&#8221;][et_pb_column type=&#8221;3_5&#8243; _builder_version=&#8221;4.5.1&#8243; custom_padding=&#8221;|||&#8221; custom_padding__hover=&#8221;|||&#8221;][et_pb_text _builder_version=&#8221;4.5.1&#8243; header_font=&#8221;|on|||&#8221; header_font_size=&#8221;38px&#8221; header_line_height=&#8221;1.3em&#8221; background_layout=&#8221;dark&#8221; custom_padding=&#8221;96px||||false|false&#8221; animation_style=&#8221;slide&#8221; animation_direction=&#8221;left&#8221; animation_intensity_slide=&#8221;1%&#8221; hover_enabled=&#8221;0&#8243; header_font_size_last_edited=&#8221;off|desktop&#8221; locked=&#8221;off&#8221;]<\/p>\n<h1>Ein Service &#8211; \u00a0unterschiedliche Perspektiven\u00a0<\/h1>\n<p>[\/et_pb_text][et_pb_text module_id=&#8221;checkmarks&#8221; _builder_version=&#8221;4.5.1&#8243; text_text_color=&#8221;rgba(255,255,255,0.85)&#8221; text_font_size=&#8221;17px&#8221; text_line_height=&#8221;1.9em&#8221; width=&#8221;100%&#8221; custom_padding=&#8221;15px||||false|false&#8221; animation_style=&#8221;slide&#8221; animation_direction=&#8221;left&#8221; animation_intensity_slide=&#8221;1%&#8221; locked=&#8221;off&#8221;]<\/p>\n<p>Silo views dominate the views on a service<\/p>\n<p>&#8230;<\/p>\n<p>&nbsp;<\/p>\n<p>[\/et_pb_text][et_pb_button button_url=&#8221;\/use-cases&#8221; button_text=&#8221;USE CASES&#8221; button_alignment=&#8221;left&#8221; _builder_version=&#8221;4.5.1&#8243; _module_preset=&#8221;default&#8221; custom_button=&#8221;on&#8221; button_text_size=&#8221;16px&#8221; button_text_color=&#8221;#ffffff&#8221; button_border_width=&#8221;1px&#8221; button_border_radius=&#8221;5px&#8221; button_font=&#8221;|300|||||||&#8221; button_use_icon=&#8221;off&#8221; custom_margin=&#8221;30px||||false|false&#8221; custom_padding=&#8221;||||false|false&#8221; locked=&#8221;off&#8221; button_bg_color__hover_enabled=&#8221;on|hover&#8221; button_text_color__hover_enabled=&#8221;on|hover&#8221; button_text_color__hover=&#8221;#000000&#8243; button_bg_color__hover=&#8221;#ffffff&#8221; button_bg_enable_color__hover=&#8221;on&#8221; button_border_color__hover_enabled=&#8221;off|hover&#8221; button_border_color__hover=&#8221;#000000&#8243;][\/et_pb_button][\/et_pb_column][et_pb_column type=&#8221;2_5&#8243; _builder_version=&#8221;3.25&#8243; custom_padding=&#8221;|||&#8221; custom_padding__hover=&#8221;|||&#8221;][et_pb_code _builder_version=&#8221;4.5.1&#8243; _module_preset=&#8221;default&#8221; custom_padding=&#8221;||10px||false|false&#8221;]<\/p>\n<style><!-- [et_pb_line_break_holder] -->  #checkmarks li::before {<!-- [et_pb_line_break_holder] -->    font-family:\"etmodules\";<!-- [et_pb_line_break_holder] -->    content:\"\\4e\";<!-- [et_pb_line_break_holder] -->    padding-right: 10px;<!-- [et_pb_line_break_holder] -->    font-weight:800;<!-- [et_pb_line_break_holder] -->    color:white<!-- [et_pb_line_break_holder] -->  }<!-- [et_pb_line_break_holder] --><\/style>\n<p>[\/et_pb_code][et_pb_image src=&#8221;https:\/\/www.interviewns.de\/wp-content\/uploads\/2020\/10\/OneView.png&#8221; title_text=&#8221;OneView&#8221; _builder_version=&#8221;4.5.1&#8243; _module_preset=&#8221;default&#8221;][\/et_pb_image][\/et_pb_column][\/et_pb_row][\/et_pb_section][et_pb_section fb_built=&#8221;1&#8243; _builder_version=&#8221;4.5.1&#8243; _module_preset=&#8221;default&#8221;][et_pb_row _builder_version=&#8221;4.5.1&#8243; _module_preset=&#8221;default&#8221;][et_pb_column type=&#8221;4_4&#8243; _builder_version=&#8221;4.5.1&#8243; _module_preset=&#8221;default&#8221;][et_pb_text _builder_version=&#8221;4.5.1&#8243; header_font=&#8221;|on|||&#8221; header_text_color=&#8221;#0E0E12&#8243; header_font_size=&#8221;45px&#8221; header_line_height=&#8221;1.5em&#8221; header_2_font=&#8221;|on|||&#8221; header_2_text_color=&#8221;#0E0E12&#8243; header_2_font_size=&#8221;45px&#8221; header_2_line_height=&#8221;1.5em&#8221; custom_margin=&#8221;||20px|&#8221; animation_style=&#8221;slide&#8221; animation_direction=&#8221;bottom&#8221; animation_intensity_slide=&#8221;10%&#8221; locked=&#8221;off&#8221;]<\/p>\n<h2>oneView360 &#8211; Data aggregation<\/h2>\n<p>[\/et_pb_text][et_pb_text _builder_version=&#8221;4.5.1&#8243; _module_preset=&#8221;default&#8221; text_text_color=&#8221;#111111&#8243; text_font_size=&#8221;16px&#8221; text_line_height=&#8221;1.8em&#8221; animation_style=&#8221;slide&#8221; animation_direction=&#8221;bottom&#8221; animation_intensity_slide=&#8221;10%&#8221;]<\/p>\n<p>IT-Services bestehen aus einer Vielzahl von Elementen, Komponenten und Technologien, die wiederum von unterschiedlichen Tools bewertet werden.<o:p><\/o:p><\/p>\n<p>Allerdings mu\u00df ein Service und dessen Qualit\u00e4t zusammenh\u00e4ngend und inter-disziplin\u00e4r bewertet werden.\u00a0<o:p><\/o:p><\/p>\n<p>Monitoring-Prozesse m\u00fcssen dabei unterst\u00fctzen, bei St\u00f6rungen zu<span class=\"apple-converted-space\">\u00a0<\/span><strong>schnellen und richtigen Entscheidungen zu <\/strong><span class=\"apple-converted-space\">\u00a0<\/span>f\u00fchren. Es ist essentiell wichtig, die Beeinflussung unterschiedlicher Technologien aufeinander zu verstehen und sichtbar zu machen.\u00a0<o:p><\/o:p><\/p>\n<p>\u00a0Somit besteht\u00a0eine wichtige<span class=\"apple-converted-space\">\u00a0<\/span><strong>Herausforderung<\/strong><span class=\"apple-converted-space\">\u00a0<\/span>f\u00fcr das Monitoring in der Beibehaltung der technischen Tiefe &#8211; und der<span class=\"apple-converted-space\">\u00a0<\/span><strong>\u00dcberwindung der Komplexit\u00e4t<\/strong><span class=\"apple-converted-space\">\u00a0<\/span>f\u00fcr den Anwender.\u00a0<\/p>\n<p>&nbsp;<\/p>\n<p><span style=\"font-size: 16px;\"><\/span><\/p>\n<p>&nbsp;<\/p>\n<p>&nbsp;<\/p>\n<p>[\/et_pb_text][\/et_pb_column][\/et_pb_row][et_pb_row _builder_version=&#8221;4.5.1&#8243; _module_preset=&#8221;default&#8221;][et_pb_column type=&#8221;4_4&#8243; _builder_version=&#8221;4.5.1&#8243; _module_preset=&#8221;default&#8221;][et_pb_image src=&#8221;https:\/\/www.interviewns.de\/wp-content\/uploads\/2021\/06\/dashboard-sllic2.png&#8221; title_text=&#8221;dashboard sllic2&#8243; _builder_version=&#8221;4.5.1&#8243; _module_preset=&#8221;default&#8221;][\/et_pb_image][\/et_pb_column][\/et_pb_row][et_pb_row _builder_version=&#8221;4.5.1&#8243; _module_preset=&#8221;default&#8221;][et_pb_column type=&#8221;4_4&#8243; _builder_version=&#8221;4.5.1&#8243; _module_preset=&#8221;default&#8221;][et_pb_text _builder_version=&#8221;4.5.1&#8243; _module_preset=&#8221;default&#8221;]<\/p>\n<h3>SLIC oneView360\u00b0 &#8211; die Service Qualit\u00e4t aggregiert in einem Chart.<\/h3>\n<p>Der Anwender entscheidet \u00fcber die notwendige Sicht auf die Daten, die sich frei definieren lassen &#8211; ob SLA, Business. Monitoring, Produktion \u00a0&#8211; frei defineirbare Kategorien oder Perspektiven<\/p>\n<h5><strong>Mit dem Dashboard k\u00f6nnen einzelne Dienste &#8211; wie zB. Webshops, Cloud-Services, Datacenter oder WAN &#8211; oder die Gesamtheit der IT und andere erfasster Service visualisiert werden.<\/strong><\/h5>\n<p>&nbsp;<\/p>\n<p>[\/et_pb_text][\/et_pb_column][\/et_pb_row][et_pb_row _builder_version=&#8221;4.5.1&#8243; _module_preset=&#8221;default&#8221;][et_pb_column type=&#8221;4_4&#8243; _builder_version=&#8221;4.5.1&#8243; _module_preset=&#8221;default&#8221;][et_pb_text _builder_version=&#8221;4.5.1&#8243; _module_preset=&#8221;default&#8221;]<\/p>\n<h1>Korrelation &#8211; L\u00f6sung statt Probleme<\/h1>\n<p>Monitoring mu\u00df zu schnellen Entscheidungen f\u00fchren und L\u00f6sungen anbieten &#8211; anstatt nur Probleme aufzeigen.<\/p>\n<p>Auch wenn die exakte Ursachenfindung nicht immer &#8220;serviert&#8221; werden kann, kann ein technologie-\u00fcbergreifendes Monitoring Ursache und Wirkung darstellen, und Verbindungen zwischen unterschiedlichen Techologien und ihren Parametern aufzeigen.<\/p>\n<p>[\/et_pb_text][et_pb_text _builder_version=&#8221;4.5.1&#8243; _module_preset=&#8221;default&#8221; hover_enabled=&#8221;0&#8243; custom_padding=&#8221;46px||||false|false&#8221;]<\/p>\n<h1>Zusammenh\u00e4nge sichtbar machen\u00a0<\/h1>\n<p>Erst wenn alle kritischen service-relevanten Informationen in eine gemeinsame Bewertung integriert werden (System-, Network-, Cloud-Data) k\u00f6nnen Zusammenh\u00e4nge schnell erkannt &#8211; und die richtigen Massnahmen getroffen werden. \u00a0\u00a0<\/p>\n<p>[\/et_pb_text][\/et_pb_column][\/et_pb_row][et_pb_row _builder_version=&#8221;4.5.1&#8243; _module_preset=&#8221;default&#8221;][et_pb_column type=&#8221;4_4&#8243; _builder_version=&#8221;4.5.1&#8243; _module_preset=&#8221;default&#8221;][et_pb_image src=&#8221;https:\/\/www.interviewns.de\/wp-content\/uploads\/2021\/06\/SLIC_incTimeLine2.png&#8221; title_text=&#8221;SLIC_incTimeLine2&#8243; _builder_version=&#8221;4.5.1&#8243; _module_preset=&#8221;default&#8221;][\/et_pb_image][\/et_pb_column][\/et_pb_row][et_pb_row _builder_version=&#8221;4.5.1&#8243; _module_preset=&#8221;default&#8221;][et_pb_column _builder_version=&#8221;4.5.1&#8243; _module_preset=&#8221;default&#8221; type=&#8221;4_4&#8243;][et_pb_text _builder_version=&#8221;4.5.1&#8243; _module_preset=&#8221;default&#8221; hover_enabled=&#8221;0&#8243;]<\/p>\n<p>Wenn Server einen Performance-Abfall erleben, werden Service-Anfragen verz\u00f6gert beantwortet, die Performance der Webseite leidet ereblich wegen schlechter Server-Antwortzeiten &#8211; unzufriedene Benutzer l\u00f6sen eine Flut von Support-Tickets aus.\u00a0<\/p>\n<p>Diese unterschiedlichen Phasen der Service Bewertung lassen sich in SLIC darstellen &#8211; und damit schneller verstehen und beheben.\u00a0<\/p>\n<p>[\/et_pb_text][\/et_pb_column][\/et_pb_row][\/et_pb_section]<\/p>\n","protected":false},"excerpt":{"rendered":"<p>OneView360Ein Service &#8211; \u00a0unterschiedliche Perspektiven\u00a0 Silo views dominate the views on a service &#8230; &nbsp;oneView360 &#8211; Data aggregationIT-Services bestehen aus einer Vielzahl von Elementen, Komponenten und Technologien, die wiederum von unterschiedlichen Tools bewertet werden. Allerdings mu\u00df ein Service und dessen Qualit\u00e4t zusammenh\u00e4ngend und inter-disziplin\u00e4r bewertet werden.\u00a0 Monitoring-Prozesse m\u00fcssen dabei unterst\u00fctzen, bei St\u00f6rungen zu\u00a0schnellen und richtigen [&hellip;]<\/p>\n","protected":false},"author":2,"featured_media":0,"parent":212848,"menu_order":0,"comment_status":"closed","ping_status":"closed","template":"","meta":{"_et_pb_use_builder":"on","_et_pb_old_content":"<!-- wp:paragraph -->\n<p>Dies ist eine Beispiel-Seite. Sie unterscheidet sich von Beitr\u00e4gen, da sie stets an derselben Stelle bleibt und (bei den meisten Themes) in der Website-Navigation angezeigt wird. Die meisten starten mit einem Impressum, der Datenschutzerkl\u00e4rung oder einer \u201e\u00dcber&nbsp;uns\u201c-Seite, um sich potenziellen Besuchern der Website vorzustellen. Dort k\u00f6nnte zum Beispiel stehen:<\/p>\n<!-- \/wp:paragraph -->\n\n<!-- wp:quote -->\n<blockquote class=\"wp-block-quote\"><p>Hallo! Tags\u00fcber arbeite ich als Fahrradkurier, nachts bin ich ein aufstrebender Schauspieler und dies hier ist meine Website. Ich lebe in Berlin, habe einen gro\u00dfen Hund namens Jack, mag Pi&#241;a Coladas, jedoch weniger (ohne Schirm) im Regen stehen gelassen zu werden.<\/p><\/blockquote>\n<!-- \/wp:quote -->\n\n<!-- wp:paragraph -->\n<p>...oder so etwas wie das hier:<\/p>\n<!-- \/wp:paragraph -->\n\n<!-- wp:quote -->\n<blockquote class=\"wp-block-quote\"><p>Das Unternehmen XYZ wurde 1971 gegr\u00fcndet und versorgt die \u00d6ffentlichkeit seither mit qualitativ hochwertigen Produkten. An seinem Standort in einer kleinen Gro\u00dfstadt besch\u00e4ftigt der Betrieb \u00fcber 2.000 Menschen und unterst\u00fctzt die Stadtbewohner in vielfacher Hinsicht.<\/p><\/blockquote>\n<!-- \/wp:quote -->\n\n<!-- wp:paragraph -->\n<p>Als neuer WordPress-Benutzer sollten Sie <a href=\"https:\/\/www.interviewns.de\/wordpress\/wp-admin\/\">Ihr Dashboard<\/a> aufrufen, um diese Seite zu l\u00f6schen und neue Seiten und Beitr\u00e4ge f\u00fcr Ihre Website erstellen. Viel Spa\u00df!<\/p>\n<!-- \/wp:paragraph -->","_et_gb_content_width":"","content-type":"","om_disable_all_campaigns":false,"_monsterinsights_skip_tracking":false,"_monsterinsights_sitenote_active":false,"_monsterinsights_sitenote_note":"","_monsterinsights_sitenote_category":0,"footnotes":""},"class_list":["post-212859","page","type-page","status-publish","hentry"],"yoast_head":"<!-- This site is optimized with the Yoast SEO plugin v26.8 - https:\/\/yoast.com\/product\/yoast-seo-wordpress\/ -->\n<title>OneView - Interview Network Solutions %<\/title>\n<meta name=\"description\" content=\"%\" \/>\n<meta name=\"robots\" content=\"index, follow, max-snippet:-1, max-image-preview:large, max-video-preview:-1\" \/>\n<link rel=\"canonical\" href=\"https:\/\/www.interviewns.de\/en_us\/loesungen\/oneview\/\" \/>\n<meta property=\"og:locale\" content=\"en_US\" \/>\n<meta property=\"og:type\" content=\"article\" \/>\n<meta property=\"og:title\" content=\"OneView - Interview Network Solutions %\" \/>\n<meta property=\"og:description\" content=\"%\" \/>\n<meta property=\"og:url\" content=\"https:\/\/www.interviewns.de\/en_us\/loesungen\/oneview\/\" \/>\n<meta property=\"og:site_name\" content=\"Interview Network Solutions\" \/>\n<meta property=\"article:modified_time\" content=\"2021-06-30T12:48:53+00:00\" \/>\n<meta name=\"twitter:card\" content=\"summary_large_image\" \/>\n<meta name=\"twitter:label1\" content=\"Est. reading time\" \/>\n\t<meta name=\"twitter:data1\" content=\"6 minutes\" \/>\n<script type=\"application\/ld+json\" class=\"yoast-schema-graph\">{\"@context\":\"https:\/\/schema.org\",\"@graph\":[{\"@type\":\"WebPage\",\"@id\":\"https:\/\/www.interviewns.de\/loesungen\/oneview\/\",\"url\":\"https:\/\/www.interviewns.de\/loesungen\/oneview\/\",\"name\":\"OneView - Interview Network Solutions %\",\"isPartOf\":{\"@id\":\"https:\/\/www.interviewns.de\/en_us\/#website\"},\"datePublished\":\"2020-08-16T21:45:13+00:00\",\"dateModified\":\"2021-06-30T12:48:53+00:00\",\"description\":\"%\",\"breadcrumb\":{\"@id\":\"https:\/\/www.interviewns.de\/loesungen\/oneview\/#breadcrumb\"},\"inLanguage\":\"en-US\",\"potentialAction\":[{\"@type\":\"ReadAction\",\"target\":[\"https:\/\/www.interviewns.de\/loesungen\/oneview\/\"]}]},{\"@type\":\"BreadcrumbList\",\"@id\":\"https:\/\/www.interviewns.de\/loesungen\/oneview\/#breadcrumb\",\"itemListElement\":[{\"@type\":\"ListItem\",\"position\":1,\"name\":\"Startseite\",\"item\":\"https:\/\/www.interviewns.de\/en_us\/\"},{\"@type\":\"ListItem\",\"position\":2,\"name\":\"L\u00f6sungen\",\"item\":\"https:\/\/www.interviewns.de\/loesungen\/\"},{\"@type\":\"ListItem\",\"position\":3,\"name\":\"OneView\"}]},{\"@type\":\"WebSite\",\"@id\":\"https:\/\/www.interviewns.de\/en_us\/#website\",\"url\":\"https:\/\/www.interviewns.de\/en_us\/\",\"name\":\"Interview Network Solutions\",\"description\":\"\",\"publisher\":{\"@id\":\"https:\/\/www.interviewns.de\/en_us\/#organization\"},\"potentialAction\":[{\"@type\":\"SearchAction\",\"target\":{\"@type\":\"EntryPoint\",\"urlTemplate\":\"https:\/\/www.interviewns.de\/en_us\/?s={search_term_string}\"},\"query-input\":{\"@type\":\"PropertyValueSpecification\",\"valueRequired\":true,\"valueName\":\"search_term_string\"}}],\"inLanguage\":\"en-US\"},{\"@type\":\"Organization\",\"@id\":\"https:\/\/www.interviewns.de\/en_us\/#organization\",\"name\":\"Interview Network Solutions\",\"url\":\"https:\/\/www.interviewns.de\/en_us\/\",\"logo\":{\"@type\":\"ImageObject\",\"inLanguage\":\"en-US\",\"@id\":\"https:\/\/www.interviewns.de\/en_us\/#\/schema\/logo\/image\/\",\"url\":\"https:\/\/www.interviewns.de\/wp-content\/uploads\/2021\/05\/ins-main-logo.png\",\"contentUrl\":\"https:\/\/www.interviewns.de\/wp-content\/uploads\/2021\/05\/ins-main-logo.png\",\"width\":297,\"height\":138,\"caption\":\"Interview Network Solutions\"},\"image\":{\"@id\":\"https:\/\/www.interviewns.de\/en_us\/#\/schema\/logo\/image\/\"}}]}<\/script>\n<!-- \/ Yoast SEO plugin. -->","yoast_head_json":{"title":"OneView - Interview Network Solutions %","description":"%","robots":{"index":"index","follow":"follow","max-snippet":"max-snippet:-1","max-image-preview":"max-image-preview:large","max-video-preview":"max-video-preview:-1"},"canonical":"https:\/\/www.interviewns.de\/en_us\/loesungen\/oneview\/","og_locale":"en_US","og_type":"article","og_title":"OneView - Interview Network Solutions %","og_description":"%","og_url":"https:\/\/www.interviewns.de\/en_us\/loesungen\/oneview\/","og_site_name":"Interview Network Solutions","article_modified_time":"2021-06-30T12:48:53+00:00","twitter_card":"summary_large_image","twitter_misc":{"Est. reading time":"6 minutes"},"schema":{"@context":"https:\/\/schema.org","@graph":[{"@type":"WebPage","@id":"https:\/\/www.interviewns.de\/loesungen\/oneview\/","url":"https:\/\/www.interviewns.de\/loesungen\/oneview\/","name":"OneView - Interview Network Solutions %","isPartOf":{"@id":"https:\/\/www.interviewns.de\/en_us\/#website"},"datePublished":"2020-08-16T21:45:13+00:00","dateModified":"2021-06-30T12:48:53+00:00","description":"%","breadcrumb":{"@id":"https:\/\/www.interviewns.de\/loesungen\/oneview\/#breadcrumb"},"inLanguage":"en-US","potentialAction":[{"@type":"ReadAction","target":["https:\/\/www.interviewns.de\/loesungen\/oneview\/"]}]},{"@type":"BreadcrumbList","@id":"https:\/\/www.interviewns.de\/loesungen\/oneview\/#breadcrumb","itemListElement":[{"@type":"ListItem","position":1,"name":"Startseite","item":"https:\/\/www.interviewns.de\/en_us\/"},{"@type":"ListItem","position":2,"name":"L\u00f6sungen","item":"https:\/\/www.interviewns.de\/loesungen\/"},{"@type":"ListItem","position":3,"name":"OneView"}]},{"@type":"WebSite","@id":"https:\/\/www.interviewns.de\/en_us\/#website","url":"https:\/\/www.interviewns.de\/en_us\/","name":"Interview Network Solutions","description":"","publisher":{"@id":"https:\/\/www.interviewns.de\/en_us\/#organization"},"potentialAction":[{"@type":"SearchAction","target":{"@type":"EntryPoint","urlTemplate":"https:\/\/www.interviewns.de\/en_us\/?s={search_term_string}"},"query-input":{"@type":"PropertyValueSpecification","valueRequired":true,"valueName":"search_term_string"}}],"inLanguage":"en-US"},{"@type":"Organization","@id":"https:\/\/www.interviewns.de\/en_us\/#organization","name":"Interview Network Solutions","url":"https:\/\/www.interviewns.de\/en_us\/","logo":{"@type":"ImageObject","inLanguage":"en-US","@id":"https:\/\/www.interviewns.de\/en_us\/#\/schema\/logo\/image\/","url":"https:\/\/www.interviewns.de\/wp-content\/uploads\/2021\/05\/ins-main-logo.png","contentUrl":"https:\/\/www.interviewns.de\/wp-content\/uploads\/2021\/05\/ins-main-logo.png","width":297,"height":138,"caption":"Interview Network Solutions"},"image":{"@id":"https:\/\/www.interviewns.de\/en_us\/#\/schema\/logo\/image\/"}}]}},"_links":{"self":[{"href":"https:\/\/www.interviewns.de\/en_us\/wp-json\/wp\/v2\/pages\/212859","targetHints":{"allow":["GET"]}}],"collection":[{"href":"https:\/\/www.interviewns.de\/en_us\/wp-json\/wp\/v2\/pages"}],"about":[{"href":"https:\/\/www.interviewns.de\/en_us\/wp-json\/wp\/v2\/types\/page"}],"author":[{"embeddable":true,"href":"https:\/\/www.interviewns.de\/en_us\/wp-json\/wp\/v2\/users\/2"}],"replies":[{"embeddable":true,"href":"https:\/\/www.interviewns.de\/en_us\/wp-json\/wp\/v2\/comments?post=212859"}],"version-history":[{"count":10,"href":"https:\/\/www.interviewns.de\/en_us\/wp-json\/wp\/v2\/pages\/212859\/revisions"}],"predecessor-version":[{"id":214535,"href":"https:\/\/www.interviewns.de\/en_us\/wp-json\/wp\/v2\/pages\/212859\/revisions\/214535"}],"up":[{"embeddable":true,"href":"https:\/\/www.interviewns.de\/en_us\/wp-json\/wp\/v2\/pages\/212848"}],"wp:attachment":[{"href":"https:\/\/www.interviewns.de\/en_us\/wp-json\/wp\/v2\/media?parent=212859"}],"curies":[{"name":"wp","href":"https:\/\/api.w.org\/{rel}","templated":true}]}}