{"id":212872,"date":"2020-08-16T23:45:54","date_gmt":"2020-08-16T21:45:54","guid":{"rendered":"https:\/\/www.interviewns.de\/wordpress\/?page_id=212872"},"modified":"2021-08-24T13:26:45","modified_gmt":"2021-08-24T11:26:45","slug":"integration","status":"publish","type":"page","link":"https:\/\/www.interviewns.de\/en_us\/integration\/","title":{"rendered":"Integration"},"content":{"rendered":"<p>[et_pb_section fb_built=&#8221;1&#8243; _builder_version=&#8221;4.5.1&#8243; _module_preset=&#8221;default&#8221; background_image=&#8221;https:\/\/www.interviewns.de\/wp-content\/uploads\/2021\/06\/integration-Bg.png&#8221; background_position=&#8221;top_center&#8221; max_width=&#8221;1600px&#8221; module_alignment=&#8221;center&#8221; locked=&#8221;off&#8221;][et_pb_row use_custom_gutter=&#8221;on&#8221; gutter_width=&#8221;2&#8243; _builder_version=&#8221;4.5.1&#8243; _module_preset=&#8221;default&#8221; custom_padding=&#8221;136px||||false|false&#8221; locked=&#8221;off&#8221;][et_pb_column type=&#8221;4_4&#8243; _builder_version=&#8221;4.5.1&#8243; _module_preset=&#8221;default&#8221;][et_pb_text _builder_version=&#8221;4.5.1&#8243; _module_preset=&#8221;default&#8221; text_font=&#8221;Poppins|700|||||||&#8221; text_text_color=&#8221;#eeeeee&#8221; text_font_size=&#8221;17px&#8221; header_font=&#8221;Poppins|700|||||||&#8221; header_text_align=&#8221;left&#8221; header_text_color=&#8221;#142531&#8243; header_font_size=&#8221;80px&#8221; header_line_height=&#8221;1.2em&#8221; header_3_font=&#8221;Poppins|700|||||||&#8221; header_3_text_align=&#8221;left&#8221; header_3_text_color=&#8221;#142531&#8243; header_3_font_size=&#8221;65px&#8221; header_4_font=&#8221;Poppins|700|||||||&#8221; header_4_text_color=&#8221;#184f77&#8243; background_enable_image=&#8221;off&#8221; background_size=&#8221;contain&#8221; background_position=&#8221;top_center&#8221; custom_margin=&#8221;||||false|false&#8221; custom_margin_tablet=&#8221;|||0px|false|false&#8221; custom_margin_phone=&#8221;|||0px|false|false&#8221; custom_margin_last_edited=&#8221;off|phone&#8221; custom_padding_phone=&#8221;20px|80px|20px|57px|false|false&#8221; custom_padding_last_edited=&#8221;off|desktop&#8221; text_font_size_tablet=&#8221;16px&#8221; text_font_size_phone=&#8221;&#8221; text_font_size_last_edited=&#8221;on|desktop&#8221; header_font_size_tablet=&#8221;55px&#8221; header_font_size_phone=&#8221;45px&#8221; header_font_size_last_edited=&#8221;on|tablet&#8221; header_line_height_phone=&#8221;1em&#8221; header_line_height_last_edited=&#8221;off|desktop&#8221; header_3_font_size_tablet=&#8221;60px&#8221; header_3_font_size_phone=&#8221;45px&#8221; header_3_font_size_last_edited=&#8221;on|phone&#8221;]<\/p>\n<h1>Integration<\/h1>\n<p>[\/et_pb_text][et_pb_text _builder_version=&#8221;4.5.1&#8243; _module_preset=&#8221;default&#8221; header_3_font=&#8221;Poppins|700|||||||&#8221; header_3_text_color=&#8221;#142737&#8243; header_3_font_size=&#8221;45px&#8221; custom_padding=&#8221;190px||||false|false&#8221; custom_padding_tablet=&#8221;&#8221; custom_padding_phone=&#8221;&#8221; custom_padding_last_edited=&#8221;on|tablet&#8221; hover_enabled=&#8221;0&#8243;]<\/p>\n<p>SLIC kann eine Vielzahl von unterschiedlichen Daten importieren.<\/p>\n<p>Grunds\u00e4tzlich sind f\u00fcr eine umfassende Service Darstellung 4 Ebenen relevant:<\/p>\n<ul>\n<li>die Business Ebene (auch Industrie\/Fertigung)<\/li>\n<li>die User-Experience Ebene<\/li>\n<li>die SLA Ebene<\/li>\n<li>die Technologie-Ebene<\/li>\n<\/ul>\n<p>Wir kooperieren mit Herstellern von Daten-Monitoren zur direkten Integration deren Daten in die Service-Sicht. Ist kein Direkt-Import aus den Tools m\u00f6glich oder zu aufw\u00e4ndig, importieren wir die Daten aus Dateien.<\/p>\n<p>[\/et_pb_text][\/et_pb_column][\/et_pb_row][et_pb_row column_structure=&#8221;1_3,2_3&#8243; custom_padding_last_edited=&#8221;on|phone&#8221; _builder_version=&#8221;4.5.1&#8243; _module_preset=&#8221;default&#8221; custom_padding=&#8221;215px||||false|false&#8221; custom_padding_tablet=&#8221;79px||||false|false&#8221; custom_padding_phone=&#8221;35px||||false|false&#8221; locked=&#8221;off&#8221;][et_pb_column type=&#8221;1_3&#8243; _builder_version=&#8221;4.5.1&#8243; _module_preset=&#8221;default&#8221;][et_pb_image src=&#8221;https:\/\/www.interviewns.de\/wp-content\/uploads\/2020\/10\/50bb81555a0f41bb837797bc05ffd859-620&#215;285-1.jpg&#8221; _builder_version=&#8221;4.5.1&#8243; _module_preset=&#8221;default&#8221; hover_enabled=&#8221;0&#8243; title_text=&#8221;50bb81555a0f41bb837797bc05ffd859-620&#215;285&#8243;][\/et_pb_image][\/et_pb_column][et_pb_column type=&#8221;2_3&#8243; _builder_version=&#8221;4.5.1&#8243; _module_preset=&#8221;default&#8221;][et_pb_text _builder_version=&#8221;4.5.1&#8243; _module_preset=&#8221;default&#8221; header_3_font=&#8221;Poppins|700|||||||&#8221; header_3_text_color=&#8221;#142737&#8243; header_3_font_size=&#8221;45px&#8221; custom_padding=&#8221;19px|||||&#8221;]<\/p>\n<p>Riverbed Steelcentral is providing a deep set of performance metrics. SLIC can import raw data from these device, select allpications and metrics and calculate performane and Availability for each single application. Stellecentral became a datasoure for autmated SLA Reporting for Web-Applications<\/p>\n<p>[\/et_pb_text][\/et_pb_column][\/et_pb_row][et_pb_row column_structure=&#8221;1_3,2_3&#8243; custom_padding_last_edited=&#8221;off|desktop&#8221; _builder_version=&#8221;4.5.1&#8243; _module_preset=&#8221;default&#8221; custom_padding=&#8221;91px||||false|false&#8221; custom_padding_tablet=&#8221;79px||||false|false&#8221; custom_padding_phone=&#8221;35px||||false|false&#8221; locked=&#8221;off&#8221;][et_pb_column type=&#8221;1_3&#8243; _builder_version=&#8221;4.5.1&#8243; _module_preset=&#8221;default&#8221;][et_pb_image src=&#8221;https:\/\/www.interviewns.de\/wp-content\/uploads\/2020\/10\/ST_Logo_vektor_rgb-2.png&#8221; _builder_version=&#8221;4.5.1&#8243; _module_preset=&#8221;default&#8221; hover_enabled=&#8221;0&#8243; title_text=&#8221;ST_Logo_vektor_rgb-2&#8243;][\/et_pb_image][\/et_pb_column][et_pb_column type=&#8221;2_3&#8243; _builder_version=&#8221;4.5.1&#8243; _module_preset=&#8221;default&#8221;][et_pb_text _builder_version=&#8221;4.5.1&#8243; _module_preset=&#8221;default&#8221; header_3_font=&#8221;Poppins|700|||||||&#8221; header_3_text_color=&#8221;#142737&#8243; header_3_font_size=&#8221;45px&#8221;]<\/p>\n<p>Serice Tarce is\u00a0 a RPA Solution, testing Applications for errors, performance and availablity. SLIC can import Raw data from Service trace and use these data for SLA Reporting. additional SLIC includes dashbaords for service trace view to compare location performance for each task<\/p>\n<p>[\/et_pb_text][\/et_pb_column][\/et_pb_row][et_pb_row column_structure=&#8221;1_3,2_3&#8243; custom_padding_last_edited=&#8221;off|desktop&#8221; _builder_version=&#8221;4.5.1&#8243; _module_preset=&#8221;default&#8221; custom_padding=&#8221;70px||||false|false&#8221; custom_padding_tablet=&#8221;79px||||false|false&#8221; custom_padding_phone=&#8221;35px||||false|false&#8221; locked=&#8221;off&#8221;][et_pb_column type=&#8221;1_3&#8243; _builder_version=&#8221;4.5.1&#8243; _module_preset=&#8221;default&#8221;][et_pb_image src=&#8221;https:\/\/www.interviewns.de\/wp-content\/uploads\/2020\/10\/bmc-remedy-logo-vector.png&#8221; _builder_version=&#8221;4.5.1&#8243; _module_preset=&#8221;default&#8221; hover_enabled=&#8221;0&#8243; title_text=&#8221;bmc-remedy-logo-vector&#8221;][\/et_pb_image][\/et_pb_column][et_pb_column type=&#8221;2_3&#8243; _builder_version=&#8221;4.5.1&#8243; _module_preset=&#8221;default&#8221;][et_pb_text _builder_version=&#8221;4.5.1&#8243; _module_preset=&#8221;default&#8221; header_3_font=&#8221;Poppins|700|||||||&#8221; header_3_text_color=&#8221;#142737&#8243; header_3_font_size=&#8221;45px&#8221; min_height=&#8221;56px&#8221; custom_padding=&#8221;62px|||||&#8221;]<\/p>\n<p>Remeday support tickets include data for SLA reporting<\/p>\n<p>SLIC can read Remedy Data Files and organise and visualize ticket conteent<\/p>\n<p>[\/et_pb_text][\/et_pb_column][\/et_pb_row][et_pb_row column_structure=&#8221;1_3,2_3&#8243; custom_padding_last_edited=&#8221;off|desktop&#8221; _builder_version=&#8221;4.5.1&#8243; _module_preset=&#8221;default&#8221; custom_padding=&#8221;70px||||false|false&#8221; custom_padding_tablet=&#8221;79px||||false|false&#8221; custom_padding_phone=&#8221;35px||||false|false&#8221; locked=&#8221;off&#8221;][et_pb_column type=&#8221;1_3&#8243; _builder_version=&#8221;4.5.1&#8243; _module_preset=&#8221;default&#8221;][et_pb_image src=&#8221;https:\/\/www.interviewns.de\/wp-content\/uploads\/2020\/10\/counterflow.jpg&#8221; _builder_version=&#8221;4.5.1&#8243; _module_preset=&#8221;default&#8221; hover_enabled=&#8221;0&#8243; title_text=&#8221;counterflow&#8221; custom_padding=&#8221;0px||0px|||&#8221;][\/et_pb_image][\/et_pb_column][et_pb_column type=&#8221;2_3&#8243; _builder_version=&#8221;4.5.1&#8243; _module_preset=&#8221;default&#8221;][et_pb_text _builder_version=&#8221;4.5.1&#8243; _module_preset=&#8221;default&#8221; header_3_font=&#8221;Poppins|700|||||||&#8221; header_3_text_color=&#8221;#142737&#8243; header_3_font_size=&#8221;45px&#8221; custom_padding=&#8221;70px|||||&#8221;]<\/p>\n<p>Counterflow\u00b4s pandion is a reliable and cost efficient high performance packet capture solution. InterTrace can connect via API to pandion, configure Fitlers and packet downloads using\u00a0 its native NTQL or BPF expressions<\/p>\n<p>[\/et_pb_text][\/et_pb_column][\/et_pb_row][et_pb_row column_structure=&#8221;1_3,2_3&#8243; custom_padding_last_edited=&#8221;off|desktop&#8221; _builder_version=&#8221;4.5.1&#8243; _module_preset=&#8221;default&#8221; custom_padding=&#8221;70px||||false|false&#8221; custom_padding_tablet=&#8221;79px||||false|false&#8221; custom_padding_phone=&#8221;35px||||false|false&#8221; locked=&#8221;off&#8221;][et_pb_column type=&#8221;1_3&#8243; _builder_version=&#8221;4.5.1&#8243; _module_preset=&#8221;default&#8221;][et_pb_image src=&#8221;https:\/\/www.interviewns.de\/wp-content\/uploads\/2020\/10\/wasabi-networks.jpg&#8221; _builder_version=&#8221;4.5.1&#8243; _module_preset=&#8221;default&#8221; hover_enabled=&#8221;0&#8243; title_text=&#8221;wasabi networks&#8221;][\/et_pb_image][\/et_pb_column][et_pb_column type=&#8221;2_3&#8243; _builder_version=&#8221;4.5.1&#8243; _module_preset=&#8221;default&#8221;][et_pb_text _builder_version=&#8221;4.5.1&#8243; _module_preset=&#8221;default&#8221; header_3_font=&#8221;Poppins|700|||||||&#8221; header_3_text_color=&#8221;#142737&#8243; header_3_font_size=&#8221;45px&#8221; custom_padding=&#8221;79px|||||&#8221;]<\/p>\n<p>currently in process .<\/p>\n<p>[\/et_pb_text][\/et_pb_column][\/et_pb_row][et_pb_row column_structure=&#8221;1_3,2_3&#8243; custom_padding_last_edited=&#8221;off|desktop&#8221; _builder_version=&#8221;4.5.1&#8243; _module_preset=&#8221;default&#8221; custom_padding=&#8221;70px||||false|false&#8221; custom_padding_tablet=&#8221;79px||||false|false&#8221; custom_padding_phone=&#8221;35px||||false|false&#8221; locked=&#8221;off&#8221;][et_pb_column type=&#8221;1_3&#8243; _builder_version=&#8221;4.5.1&#8243; _module_preset=&#8221;default&#8221;][et_pb_image src=&#8221;https:\/\/www.interviewns.de\/wp-content\/uploads\/2020\/10\/cloudshark.jpg&#8221; _builder_version=&#8221;4.5.1&#8243; _module_preset=&#8221;default&#8221; hover_enabled=&#8221;0&#8243; title_text=&#8221;cloudshark&#8221;][\/et_pb_image][\/et_pb_column][et_pb_column type=&#8221;2_3&#8243; _builder_version=&#8221;4.5.1&#8243; _module_preset=&#8221;default&#8221;][et_pb_text _builder_version=&#8221;4.5.1&#8243; _module_preset=&#8221;default&#8221; header_3_font=&#8221;Poppins|700|||||||&#8221; header_3_text_color=&#8221;#142737&#8243; header_3_font_size=&#8221;45px&#8221; custom_padding=&#8221;59px|||||&#8221;]<\/p>\n<p>cloudshark capbility for shark analysis can be launched directly for InterTrace . InterTrace provides statistics and views for many pcap files , and can launch into the single pcap file analysis to cloudshark.io -enabling\u00a0 the perfect cloudbased analysis workflow.<\/p>\n<p>[\/et_pb_text][\/et_pb_column][\/et_pb_row][et_pb_row column_structure=&#8221;1_3,2_3&#8243; custom_padding_last_edited=&#8221;off|desktop&#8221; _builder_version=&#8221;4.5.1&#8243; _module_preset=&#8221;default&#8221; custom_padding=&#8221;43px||||false|false&#8221; custom_padding_tablet=&#8221;79px||||false|false&#8221; custom_padding_phone=&#8221;35px||||false|false&#8221; locked=&#8221;off&#8221;][et_pb_column type=&#8221;1_3&#8243; _builder_version=&#8221;4.5.1&#8243; _module_preset=&#8221;default&#8221;][et_pb_image src=&#8221;https:\/\/www.interviewns.de\/wp-content\/uploads\/2020\/10\/csm_IDEA_data_solutions_e3b7e25f98.png&#8221; _builder_version=&#8221;4.5.1&#8243; _module_preset=&#8221;default&#8221; title_text=&#8221;csm_IDEA_data_solutions_e3b7e25f98&#8243;][\/et_pb_image][\/et_pb_column][et_pb_column type=&#8221;2_3&#8243; _builder_version=&#8221;4.5.1&#8243; _module_preset=&#8221;default&#8221;][et_pb_text _builder_version=&#8221;4.5.1&#8243; _module_preset=&#8221;default&#8221; header_3_font=&#8221;Poppins|700|||||||&#8221; header_3_text_color=&#8221;#142737&#8243; header_3_font_size=&#8221;45px&#8221; min_height=&#8221;67px&#8221; custom_margin=&#8221;64px|||||&#8221;]<\/p>\n<p>IdeaData Netflow Auditor is a fexible netflow collector, supporting many ipfix fields for more than &#8220;justNetflow&#8221; Analysis.\u00a0 InterTrace statsview can use these data to provide a generic netflow dashboard\u00a0 for preselection \/ prefiltering<\/p>\n<p>[\/et_pb_text][\/et_pb_column][\/et_pb_row][et_pb_row column_structure=&#8221;1_3,2_3&#8243; custom_padding_last_edited=&#8221;off|desktop&#8221; _builder_version=&#8221;4.5.1&#8243; _module_preset=&#8221;default&#8221; custom_padding=&#8221;94px||||false|false&#8221; custom_padding_tablet=&#8221;79px||||false|false&#8221; custom_padding_phone=&#8221;35px||||false|false&#8221; locked=&#8221;off&#8221;][et_pb_column type=&#8221;1_3&#8243; _builder_version=&#8221;4.5.1&#8243; _module_preset=&#8221;default&#8221;][et_pb_image src=&#8221;https:\/\/www.interviewns.de\/wp-content\/uploads\/2020\/10\/1200px-Ixia_logo.svg_.png&#8221; _builder_version=&#8221;4.5.1&#8243; _module_preset=&#8221;default&#8221; hover_enabled=&#8221;0&#8243; title_text=&#8221;1200px-Ixia_logo.svg&#8221; width=&#8221;79.9%&#8221;][\/et_pb_image][\/et_pb_column][et_pb_column type=&#8221;2_3&#8243; _builder_version=&#8221;4.5.1&#8243; _module_preset=&#8221;default&#8221;][et_pb_text _builder_version=&#8221;4.5.1&#8243; _module_preset=&#8221;default&#8221; header_3_font=&#8221;Poppins|700|||||||&#8221; header_3_text_color=&#8221;#142737&#8243; header_3_font_size=&#8221;45px&#8221; hover_enabled=&#8221;0&#8243; custom_padding=&#8221;37px|||||&#8221;]<\/p>\n<p><span>IXflow provided a set of netflow fields far beyond default netflow. Intertrace can import such netflow data and use for traffic correlation and preselection\u00a0<\/span><\/p>\n<p>[\/et_pb_text][\/et_pb_column][\/et_pb_row][et_pb_row custom_padding_last_edited=&#8221;on|phone&#8221; _builder_version=&#8221;4.5.1&#8243; _module_preset=&#8221;default&#8221; custom_padding=&#8221;286px||90px||false|false&#8221; custom_padding_tablet=&#8221;150px||||false|false&#8221; custom_padding_phone=&#8221;190px||||false|false&#8221; locked=&#8221;off&#8221;][et_pb_column type=&#8221;4_4&#8243; _builder_version=&#8221;4.5.1&#8243; _module_preset=&#8221;default&#8221;][et_pb_text _builder_version=&#8221;4.5.1&#8243; _module_preset=&#8221;default&#8221; header_font=&#8221;Poppins|700|||||||&#8221; header_text_color=&#8221;#142531&#8243; header_font_size=&#8221;80px&#8221; header_line_height=&#8221;1.1em&#8221; custom_margin=&#8221;0px||0px||false|false&#8221; custom_padding=&#8221;0px||0px||false|false&#8221; header_font_size_tablet=&#8221;55px&#8221; header_font_size_phone=&#8221;&#8221; header_font_size_last_edited=&#8221;on|tablet&#8221; header_line_height_phone=&#8221;1em&#8221; header_line_height_last_edited=&#8221;off|desktop&#8221;]<\/p>\n<h1>Interested?<br \/> Get your Solution NOW<\/h1>\n<p>[\/et_pb_text][et_pb_button button_url=&#8221;https:\/\/www.interviewns.de\/de\/demo-anfordern\/&#8221; button_text=&#8221;Demo&#8221; button_alignment=&#8221;right&#8221; module_class=&#8221;get-solution-demo&#8221; _builder_version=&#8221;4.5.1&#8243; _module_preset=&#8221;default&#8221; custom_button=&#8221;on&#8221; button_text_color=&#8221;#ffffff&#8221; button_bg_color=&#8221;#184f77&#8243; button_border_width=&#8221;2px&#8221; button_border_color=&#8221;#184f77&#8243; button_border_radius=&#8221;30px&#8221; button_font=&#8221;Poppins||||||||&#8221; button_use_icon=&#8221;off&#8221; custom_margin=&#8221;20px||||false|false&#8221; custom_padding=&#8221;||||false|false&#8221; button_text_color__hover_enabled=&#8221;on|hover&#8221; button_text_color__hover=&#8221;#184f77&#8243; button_bg_color__hover_enabled=&#8221;on|desktop&#8221; button_bg_color__hover=&#8221;#ffffff&#8221; button_bg_enable_color__hover=&#8221;on&#8221; button_border_color__hover_enabled=&#8221;off|desktop&#8221;][\/et_pb_button][et_pb_code _builder_version=&#8221;4.5.1&#8243; _module_preset=&#8221;default&#8221;][\/et_pb_code][\/et_pb_column][\/et_pb_row][\/et_pb_section]<\/p>\n","protected":false},"excerpt":{"rendered":"<p>IntegrationSLIC kann eine Vielzahl von unterschiedlichen Daten importieren. Grunds\u00e4tzlich sind f\u00fcr eine umfassende Service Darstellung 4 Ebenen relevant: die Business Ebene (auch Industrie\/Fertigung) die User-Experience Ebene die SLA Ebene die Technologie-Ebene Wir kooperieren mit Herstellern von Daten-Monitoren zur direkten Integration deren Daten in die Service-Sicht. Ist kein Direkt-Import aus den Tools m\u00f6glich oder zu aufw\u00e4ndig, [&hellip;]<\/p>\n","protected":false},"author":2,"featured_media":0,"parent":0,"menu_order":0,"comment_status":"closed","ping_status":"closed","template":"","meta":{"_et_pb_use_builder":"on","_et_pb_old_content":"<!-- wp:paragraph -->\n<p>Dies ist eine Beispiel-Seite. Sie unterscheidet sich von Beitr\u00e4gen, da sie stets an derselben Stelle bleibt und (bei den meisten Themes) in der Website-Navigation angezeigt wird. Die meisten starten mit einem Impressum, der Datenschutzerkl\u00e4rung oder einer \u201e\u00dcber&nbsp;uns\u201c-Seite, um sich potenziellen Besuchern der Website vorzustellen. Dort k\u00f6nnte zum Beispiel stehen:<\/p>\n<!-- \/wp:paragraph -->\n\n<!-- wp:quote -->\n<blockquote class=\"wp-block-quote\"><p>Hallo! Tags\u00fcber arbeite ich als Fahrradkurier, nachts bin ich ein aufstrebender Schauspieler und dies hier ist meine Website. Ich lebe in Berlin, habe einen gro\u00dfen Hund namens Jack, mag Pi&#241;a Coladas, jedoch weniger (ohne Schirm) im Regen stehen gelassen zu werden.<\/p><\/blockquote>\n<!-- \/wp:quote -->\n\n<!-- wp:paragraph -->\n<p>...oder so etwas wie das hier:<\/p>\n<!-- \/wp:paragraph -->\n\n<!-- wp:quote -->\n<blockquote class=\"wp-block-quote\"><p>Das Unternehmen XYZ wurde 1971 gegr\u00fcndet und versorgt die \u00d6ffentlichkeit seither mit qualitativ hochwertigen Produkten. An seinem Standort in einer kleinen Gro\u00dfstadt besch\u00e4ftigt der Betrieb \u00fcber 2.000 Menschen und unterst\u00fctzt die Stadtbewohner in vielfacher Hinsicht.<\/p><\/blockquote>\n<!-- \/wp:quote -->\n\n<!-- wp:paragraph -->\n<p>Als neuer WordPress-Benutzer sollten Sie <a href=\"https:\/\/www.interviewns.de\/wordpress\/wp-admin\/\">Ihr Dashboard<\/a> aufrufen, um diese Seite zu l\u00f6schen und neue Seiten und Beitr\u00e4ge f\u00fcr Ihre Website erstellen. Viel Spa\u00df!<\/p>\n<!-- \/wp:paragraph -->","_et_gb_content_width":"","content-type":"","om_disable_all_campaigns":false,"_monsterinsights_skip_tracking":false,"_monsterinsights_sitenote_active":false,"_monsterinsights_sitenote_note":"","_monsterinsights_sitenote_category":0,"footnotes":""},"class_list":["post-212872","page","type-page","status-publish","hentry"],"yoast_head":"<!-- This site is optimized with the Yoast SEO plugin v26.8 - https:\/\/yoast.com\/product\/yoast-seo-wordpress\/ -->\n<title>Integration - Interview Network Solutions %<\/title>\n<meta name=\"description\" content=\"%\" \/>\n<meta name=\"robots\" content=\"index, follow, max-snippet:-1, max-image-preview:large, max-video-preview:-1\" \/>\n<link rel=\"canonical\" href=\"https:\/\/www.interviewns.de\/en_us\/integration\/\" \/>\n<meta property=\"og:locale\" content=\"en_US\" \/>\n<meta property=\"og:type\" content=\"article\" \/>\n<meta property=\"og:title\" content=\"Integration - Interview Network Solutions %\" \/>\n<meta property=\"og:description\" content=\"%\" \/>\n<meta property=\"og:url\" content=\"https:\/\/www.interviewns.de\/en_us\/integration\/\" \/>\n<meta property=\"og:site_name\" content=\"Interview Network Solutions\" \/>\n<meta property=\"article:modified_time\" content=\"2021-08-24T11:26:45+00:00\" \/>\n<meta name=\"twitter:card\" content=\"summary_large_image\" \/>\n<meta name=\"twitter:label1\" content=\"Est. reading time\" \/>\n\t<meta name=\"twitter:data1\" content=\"9 minutes\" \/>\n<script type=\"application\/ld+json\" class=\"yoast-schema-graph\">{\"@context\":\"https:\/\/schema.org\",\"@graph\":[{\"@type\":\"WebPage\",\"@id\":\"https:\/\/www.interviewns.de\/integration\/\",\"url\":\"https:\/\/www.interviewns.de\/integration\/\",\"name\":\"Integration - Interview Network Solutions %\",\"isPartOf\":{\"@id\":\"https:\/\/www.interviewns.de\/en_us\/#website\"},\"datePublished\":\"2020-08-16T21:45:54+00:00\",\"dateModified\":\"2021-08-24T11:26:45+00:00\",\"description\":\"%\",\"breadcrumb\":{\"@id\":\"https:\/\/www.interviewns.de\/integration\/#breadcrumb\"},\"inLanguage\":\"en-US\",\"potentialAction\":[{\"@type\":\"ReadAction\",\"target\":[\"https:\/\/www.interviewns.de\/integration\/\"]}]},{\"@type\":\"BreadcrumbList\",\"@id\":\"https:\/\/www.interviewns.de\/integration\/#breadcrumb\",\"itemListElement\":[{\"@type\":\"ListItem\",\"position\":1,\"name\":\"Startseite\",\"item\":\"https:\/\/www.interviewns.de\/en_us\/\"},{\"@type\":\"ListItem\",\"position\":2,\"name\":\"Integration\"}]},{\"@type\":\"WebSite\",\"@id\":\"https:\/\/www.interviewns.de\/en_us\/#website\",\"url\":\"https:\/\/www.interviewns.de\/en_us\/\",\"name\":\"Interview Network Solutions\",\"description\":\"\",\"publisher\":{\"@id\":\"https:\/\/www.interviewns.de\/en_us\/#organization\"},\"potentialAction\":[{\"@type\":\"SearchAction\",\"target\":{\"@type\":\"EntryPoint\",\"urlTemplate\":\"https:\/\/www.interviewns.de\/en_us\/?s={search_term_string}\"},\"query-input\":{\"@type\":\"PropertyValueSpecification\",\"valueRequired\":true,\"valueName\":\"search_term_string\"}}],\"inLanguage\":\"en-US\"},{\"@type\":\"Organization\",\"@id\":\"https:\/\/www.interviewns.de\/en_us\/#organization\",\"name\":\"Interview Network Solutions\",\"url\":\"https:\/\/www.interviewns.de\/en_us\/\",\"logo\":{\"@type\":\"ImageObject\",\"inLanguage\":\"en-US\",\"@id\":\"https:\/\/www.interviewns.de\/en_us\/#\/schema\/logo\/image\/\",\"url\":\"https:\/\/www.interviewns.de\/wp-content\/uploads\/2021\/05\/ins-main-logo.png\",\"contentUrl\":\"https:\/\/www.interviewns.de\/wp-content\/uploads\/2021\/05\/ins-main-logo.png\",\"width\":297,\"height\":138,\"caption\":\"Interview Network Solutions\"},\"image\":{\"@id\":\"https:\/\/www.interviewns.de\/en_us\/#\/schema\/logo\/image\/\"}}]}<\/script>\n<!-- \/ Yoast SEO plugin. -->","yoast_head_json":{"title":"Integration - Interview Network Solutions %","description":"%","robots":{"index":"index","follow":"follow","max-snippet":"max-snippet:-1","max-image-preview":"max-image-preview:large","max-video-preview":"max-video-preview:-1"},"canonical":"https:\/\/www.interviewns.de\/en_us\/integration\/","og_locale":"en_US","og_type":"article","og_title":"Integration - Interview Network Solutions %","og_description":"%","og_url":"https:\/\/www.interviewns.de\/en_us\/integration\/","og_site_name":"Interview Network Solutions","article_modified_time":"2021-08-24T11:26:45+00:00","twitter_card":"summary_large_image","twitter_misc":{"Est. reading time":"9 minutes"},"schema":{"@context":"https:\/\/schema.org","@graph":[{"@type":"WebPage","@id":"https:\/\/www.interviewns.de\/integration\/","url":"https:\/\/www.interviewns.de\/integration\/","name":"Integration - Interview Network Solutions %","isPartOf":{"@id":"https:\/\/www.interviewns.de\/en_us\/#website"},"datePublished":"2020-08-16T21:45:54+00:00","dateModified":"2021-08-24T11:26:45+00:00","description":"%","breadcrumb":{"@id":"https:\/\/www.interviewns.de\/integration\/#breadcrumb"},"inLanguage":"en-US","potentialAction":[{"@type":"ReadAction","target":["https:\/\/www.interviewns.de\/integration\/"]}]},{"@type":"BreadcrumbList","@id":"https:\/\/www.interviewns.de\/integration\/#breadcrumb","itemListElement":[{"@type":"ListItem","position":1,"name":"Startseite","item":"https:\/\/www.interviewns.de\/en_us\/"},{"@type":"ListItem","position":2,"name":"Integration"}]},{"@type":"WebSite","@id":"https:\/\/www.interviewns.de\/en_us\/#website","url":"https:\/\/www.interviewns.de\/en_us\/","name":"Interview Network Solutions","description":"","publisher":{"@id":"https:\/\/www.interviewns.de\/en_us\/#organization"},"potentialAction":[{"@type":"SearchAction","target":{"@type":"EntryPoint","urlTemplate":"https:\/\/www.interviewns.de\/en_us\/?s={search_term_string}"},"query-input":{"@type":"PropertyValueSpecification","valueRequired":true,"valueName":"search_term_string"}}],"inLanguage":"en-US"},{"@type":"Organization","@id":"https:\/\/www.interviewns.de\/en_us\/#organization","name":"Interview Network Solutions","url":"https:\/\/www.interviewns.de\/en_us\/","logo":{"@type":"ImageObject","inLanguage":"en-US","@id":"https:\/\/www.interviewns.de\/en_us\/#\/schema\/logo\/image\/","url":"https:\/\/www.interviewns.de\/wp-content\/uploads\/2021\/05\/ins-main-logo.png","contentUrl":"https:\/\/www.interviewns.de\/wp-content\/uploads\/2021\/05\/ins-main-logo.png","width":297,"height":138,"caption":"Interview Network Solutions"},"image":{"@id":"https:\/\/www.interviewns.de\/en_us\/#\/schema\/logo\/image\/"}}]}},"_links":{"self":[{"href":"https:\/\/www.interviewns.de\/en_us\/wp-json\/wp\/v2\/pages\/212872","targetHints":{"allow":["GET"]}}],"collection":[{"href":"https:\/\/www.interviewns.de\/en_us\/wp-json\/wp\/v2\/pages"}],"about":[{"href":"https:\/\/www.interviewns.de\/en_us\/wp-json\/wp\/v2\/types\/page"}],"author":[{"embeddable":true,"href":"https:\/\/www.interviewns.de\/en_us\/wp-json\/wp\/v2\/users\/2"}],"replies":[{"embeddable":true,"href":"https:\/\/www.interviewns.de\/en_us\/wp-json\/wp\/v2\/comments?post=212872"}],"version-history":[{"count":22,"href":"https:\/\/www.interviewns.de\/en_us\/wp-json\/wp\/v2\/pages\/212872\/revisions"}],"predecessor-version":[{"id":214376,"href":"https:\/\/www.interviewns.de\/en_us\/wp-json\/wp\/v2\/pages\/212872\/revisions\/214376"}],"wp:attachment":[{"href":"https:\/\/www.interviewns.de\/en_us\/wp-json\/wp\/v2\/media?parent=212872"}],"curies":[{"name":"wp","href":"https:\/\/api.w.org\/{rel}","templated":true}]}}