{"id":213201,"date":"2020-10-18T16:25:40","date_gmt":"2020-10-18T14:25:40","guid":{"rendered":"https:\/\/www.interviewns.de\/wordpress\/?page_id=213201"},"modified":"2021-08-10T12:37:09","modified_gmt":"2021-08-10T10:37:09","slug":"technologies","status":"publish","type":"page","link":"https:\/\/www.interviewns.de\/en_us\/integration\/technologies\/","title":{"rendered":"Technologies"},"content":{"rendered":"<p>[et_pb_section fb_built=&#8221;1&#8243; _builder_version=&#8221;4.5.1&#8243; _module_preset=&#8221;default&#8221; background_image=&#8221;https:\/\/www.interviewns.de\/wp-content\/uploads\/2021\/06\/technologies_Bg.png&#8221; background_position=&#8221;top_center&#8221; max_width=&#8221;1600px&#8221; module_alignment=&#8221;center&#8221; locked=&#8221;off&#8221;][et_pb_row use_custom_gutter=&#8221;on&#8221; gutter_width=&#8221;2&#8243; _builder_version=&#8221;4.5.1&#8243; _module_preset=&#8221;default&#8221; custom_padding=&#8221;131px||||false|false&#8221; locked=&#8221;off&#8221;][et_pb_column type=&#8221;4_4&#8243; _builder_version=&#8221;4.5.1&#8243; _module_preset=&#8221;default&#8221;][et_pb_text _builder_version=&#8221;4.5.1&#8243; _module_preset=&#8221;default&#8221; text_font=&#8221;Poppins|700|||||||&#8221; text_text_color=&#8221;#eeeeee&#8221; text_font_size=&#8221;17px&#8221; header_font=&#8221;Poppins|700|||||||&#8221; header_text_align=&#8221;left&#8221; header_text_color=&#8221;#142531&#8243; header_font_size=&#8221;75px&#8221; header_3_font=&#8221;Poppins|700|||||||&#8221; header_3_text_align=&#8221;left&#8221; header_3_text_color=&#8221;#142531&#8243; header_3_font_size=&#8221;65px&#8221; header_4_font=&#8221;Poppins|700|||||||&#8221; header_4_text_color=&#8221;#184f77&#8243; background_enable_image=&#8221;off&#8221; background_size=&#8221;contain&#8221; background_position=&#8221;top_center&#8221; custom_margin=&#8221;||||false|false&#8221; custom_margin_tablet=&#8221;|||0px|false|false&#8221; custom_margin_phone=&#8221;|||0px|false|false&#8221; custom_margin_last_edited=&#8221;off|phone&#8221; custom_padding_phone=&#8221;20px|80px|20px|57px|false|false&#8221; custom_padding_last_edited=&#8221;off|desktop&#8221; text_font_size_tablet=&#8221;16px&#8221; text_font_size_phone=&#8221;&#8221; text_font_size_last_edited=&#8221;on|desktop&#8221; header_font_size_tablet=&#8221;55px&#8221; header_font_size_phone=&#8221;45px&#8221; header_font_size_last_edited=&#8221;on|phone&#8221; header_line_height_phone=&#8221;1em&#8221; header_line_height_last_edited=&#8221;off|desktop&#8221; header_3_font_size_tablet=&#8221;60px&#8221; header_3_font_size_phone=&#8221;45px&#8221; header_3_font_size_last_edited=&#8221;on|phone&#8221;]<\/p>\n<h1>Technologies<\/h1>\n<p>[\/et_pb_text][\/et_pb_column][\/et_pb_row][et_pb_row column_structure=&#8221;1_2,1_2&#8243; custom_padding_last_edited=&#8221;on|phone&#8221; _builder_version=&#8221;4.5.1&#8243; _module_preset=&#8221;default&#8221; custom_padding=&#8221;210px||||false|false&#8221; custom_padding_tablet=&#8221;79px||||false|false&#8221; custom_padding_phone=&#8221;35px||||false|false&#8221; locked=&#8221;off&#8221;][et_pb_column type=&#8221;1_2&#8243; _builder_version=&#8221;4.5.1&#8243; _module_preset=&#8221;default&#8221;][et_pb_text _builder_version=&#8221;4.5.1&#8243; _module_preset=&#8221;default&#8221; header_3_font=&#8221;Poppins|700|||||||&#8221; header_3_text_color=&#8221;#142737&#8243; header_3_font_size=&#8221;45px&#8221;]<\/p>\n<h3>PCAP Files<\/h3>\n<p>PCAP files can be used for at least 2 purposes<br \/> deep analysis of data for troubleshooting- and thread hunting puropse &#8211; or as sources for network\/ application monitoring data.<br \/> Interview Solutions support both usecases<\/p>\n<p>Intertraces allows the automated analysis of Pcap files over long tim eperiods on custom defined protocol fields, content etc.<\/p>\n<p>SLIC Interview is using information of PCAP data like Status codes, Response Times, errors or incidents to determine the quality of a service and use these metrics to reporting and correlation<\/p>\n<p>[\/et_pb_text][\/et_pb_column][et_pb_column type=&#8221;1_2&#8243; _builder_version=&#8221;4.5.1&#8243; _module_preset=&#8221;default&#8221;][et_pb_image src=&#8221;data:image\/svg+xml;base64,PHN2ZyB3aWR0aD0iMTA4MCIgaGVpZ2h0PSI1NDAiIHZpZXdCb3g9IjAgMCAxMDgwIDU0MCIgeG1sbnM9Imh0dHA6Ly93d3cudzMub3JnLzIwMDAvc3ZnIj4KICAgIDxnIGZpbGw9Im5vbmUiIGZpbGwtcnVsZT0iZXZlbm9kZCI+CiAgICAgICAgPHBhdGggZmlsbD0iI0VCRUJFQiIgZD0iTTAgMGgxMDgwdjU0MEgweiIvPgogICAgICAgIDxwYXRoIGQ9Ik00NDUuNjQ5IDU0MGgtOTguOTk1TDE0NC42NDkgMzM3Ljk5NSAwIDQ4Mi42NDR2LTk4Ljk5NWwxMTYuMzY1LTExNi4zNjVjMTUuNjItMTUuNjIgNDAuOTQ3LTE1LjYyIDU2LjU2OCAwTDQ0NS42NSA1NDB6IiBmaWxsLW9wYWNpdHk9Ii4xIiBmaWxsPSIjMDAwIiBmaWxsLXJ1bGU9Im5vbnplcm8iLz4KICAgICAgICA8Y2lyY2xlIGZpbGwtb3BhY2l0eT0iLjA1IiBmaWxsPSIjMDAwIiBjeD0iMzMxIiBjeT0iMTQ4IiByPSI3MCIvPgogICAgICAgIDxwYXRoIGQ9Ik0xMDgwIDM3OXYxMTMuMTM3TDcyOC4xNjIgMTQwLjMgMzI4LjQ2MiA1NDBIMjE1LjMyNEw2OTkuODc4IDU1LjQ0NmMxNS42Mi0xNS42MiA0MC45NDgtMTUuNjIgNTYuNTY4IDBMMTA4MCAzNzl6IiBmaWxsLW9wYWNpdHk9Ii4yIiBmaWxsPSIjMDAwIiBmaWxsLXJ1bGU9Im5vbnplcm8iLz4KICAgIDwvZz4KPC9zdmc+Cg==&#8221; _builder_version=&#8221;4.5.1&#8243; _module_preset=&#8221;default&#8221;][\/et_pb_image][\/et_pb_column][\/et_pb_row][et_pb_row column_structure=&#8221;1_2,1_2&#8243; custom_padding_last_edited=&#8221;on|phone&#8221; _builder_version=&#8221;4.5.1&#8243; _module_preset=&#8221;default&#8221; custom_padding=&#8221;151px||||false|false&#8221; custom_padding_tablet=&#8221;192px||||false|false&#8221; custom_padding_phone=&#8221;130px||||false|false&#8221; locked=&#8221;off&#8221;][et_pb_column type=&#8221;1_2&#8243; _builder_version=&#8221;4.5.1&#8243; _module_preset=&#8221;default&#8221;][et_pb_image src=&#8221;data:image\/svg+xml;base64,PHN2ZyB3aWR0aD0iMTA4MCIgaGVpZ2h0PSI1NDAiIHZpZXdCb3g9IjAgMCAxMDgwIDU0MCIgeG1sbnM9Imh0dHA6Ly93d3cudzMub3JnLzIwMDAvc3ZnIj4KICAgIDxnIGZpbGw9Im5vbmUiIGZpbGwtcnVsZT0iZXZlbm9kZCI+CiAgICAgICAgPHBhdGggZmlsbD0iI0VCRUJFQiIgZD0iTTAgMGgxMDgwdjU0MEgweiIvPgogICAgICAgIDxwYXRoIGQ9Ik00NDUuNjQ5IDU0MGgtOTguOTk1TDE0NC42NDkgMzM3Ljk5NSAwIDQ4Mi42NDR2LTk4Ljk5NWwxMTYuMzY1LTExNi4zNjVjMTUuNjItMTUuNjIgNDAuOTQ3LTE1LjYyIDU2LjU2OCAwTDQ0NS42NSA1NDB6IiBmaWxsLW9wYWNpdHk9Ii4xIiBmaWxsPSIjMDAwIiBmaWxsLXJ1bGU9Im5vbnplcm8iLz4KICAgICAgICA8Y2lyY2xlIGZpbGwtb3BhY2l0eT0iLjA1IiBmaWxsPSIjMDAwIiBjeD0iMzMxIiBjeT0iMTQ4IiByPSI3MCIvPgogICAgICAgIDxwYXRoIGQ9Ik0xMDgwIDM3OXYxMTMuMTM3TDcyOC4xNjIgMTQwLjMgMzI4LjQ2MiA1NDBIMjE1LjMyNEw2OTkuODc4IDU1LjQ0NmMxNS42Mi0xNS42MiA0MC45NDgtMTUuNjIgNTYuNTY4IDBMMTA4MCAzNzl6IiBmaWxsLW9wYWNpdHk9Ii4yIiBmaWxsPSIjMDAwIiBmaWxsLXJ1bGU9Im5vbnplcm8iLz4KICAgIDwvZz4KPC9zdmc+Cg==&#8221; _builder_version=&#8221;4.5.1&#8243; _module_preset=&#8221;default&#8221;][\/et_pb_image][\/et_pb_column][et_pb_column type=&#8221;1_2&#8243; _builder_version=&#8221;4.5.1&#8243; _module_preset=&#8221;default&#8221;][et_pb_text _builder_version=&#8221;4.5.1&#8243; _module_preset=&#8221;default&#8221; header_3_font=&#8221;Poppins|700|||||||&#8221; header_3_text_color=&#8221;#142737&#8243; header_3_font_size=&#8221;40px&#8221;]<\/p>\n<h3>APM Data<\/h3>\n<p>APM &#8211; Application Performance Management &#8211; Data is used to determine the quality of an application, or &#8211; depending of the features of the monitoring solution, of a complete service &#8211; identifying dependencies between various elements and ressources for the overall service quality.<\/p>\n<p>SLIC Interrview can import raw or preprocessed data of APM Solution for extendeds functions, like<\/p>\n<p>automated SLA reporting based on APM Data Multi Technology Dashboards showing the non-application elements of services, like network, security etc.<br \/>\nIncident correlation and impact analysis of a wide variiety of data sources like Network, Security, Pcap files, APM &#8211; and business or production data[\/et_pb_text][\/et_pb_column][\/et_pb_row][et_pb_row column_structure=&#8221;1_2,1_2&#8243; custom_padding_last_edited=&#8221;on|phone&#8221; _builder_version=&#8221;4.5.1&#8243; _module_preset=&#8221;default&#8221; custom_padding=&#8221;157px||||false|false&#8221; custom_padding_tablet=&#8221;197px||||false|false&#8221; custom_padding_phone=&#8221;76px||||false|false&#8221; locked=&#8221;off&#8221;][et_pb_column type=&#8221;1_2&#8243; _builder_version=&#8221;4.5.1&#8243; _module_preset=&#8221;default&#8221;][et_pb_text _builder_version=&#8221;4.5.1&#8243; _module_preset=&#8221;default&#8221; header_3_font=&#8221;Poppins|700|||||||&#8221; header_3_text_color=&#8221;#142737&#8243; header_3_font_size=&#8221;45px&#8221;]<\/p>\n<h3>RPA &#8211; Robot Process Automation<\/h3>\n<p>RPA &#8211; is one of the methods to determine the availability and performance of application and services &#8211; by executing synthetic tests against applications and analysing the application responses in terms of performance, content and response.<\/p>\n<p>RPA is used often for SLA monitoring by providing these esssential SLA data as a mirror of user experience<\/p>\n<p>SLIC Interview can<\/p>\n<ul>\n<li>import these data form RPA tools and use for automated SLA reporting<\/li>\n<li>correlate these data with technical monitoring data, to show easy and fast the impact of network issues of system errors &#8211; on the SLA calues and user experience<\/li>\n<\/ul>\n<p>Using ServiceTrace SLIC-Interview can show SLA Data for Application, exclude maintenance times and create views showing application performance from different perspectives &#8211; RPA, APM, UserExperience and infrastructure technology.[\/et_pb_text][\/et_pb_column][et_pb_column type=&#8221;1_2&#8243; _builder_version=&#8221;4.5.1&#8243; _module_preset=&#8221;default&#8221;][et_pb_image src=&#8221;data:image\/svg+xml;base64,PHN2ZyB3aWR0aD0iMTA4MCIgaGVpZ2h0PSI1NDAiIHZpZXdCb3g9IjAgMCAxMDgwIDU0MCIgeG1sbnM9Imh0dHA6Ly93d3cudzMub3JnLzIwMDAvc3ZnIj4KICAgIDxnIGZpbGw9Im5vbmUiIGZpbGwtcnVsZT0iZXZlbm9kZCI+CiAgICAgICAgPHBhdGggZmlsbD0iI0VCRUJFQiIgZD0iTTAgMGgxMDgwdjU0MEgweiIvPgogICAgICAgIDxwYXRoIGQ9Ik00NDUuNjQ5IDU0MGgtOTguOTk1TDE0NC42NDkgMzM3Ljk5NSAwIDQ4Mi42NDR2LTk4Ljk5NWwxMTYuMzY1LTExNi4zNjVjMTUuNjItMTUuNjIgNDAuOTQ3LTE1LjYyIDU2LjU2OCAwTDQ0NS42NSA1NDB6IiBmaWxsLW9wYWNpdHk9Ii4xIiBmaWxsPSIjMDAwIiBmaWxsLXJ1bGU9Im5vbnplcm8iLz4KICAgICAgICA8Y2lyY2xlIGZpbGwtb3BhY2l0eT0iLjA1IiBmaWxsPSIjMDAwIiBjeD0iMzMxIiBjeT0iMTQ4IiByPSI3MCIvPgogICAgICAgIDxwYXRoIGQ9Ik0xMDgwIDM3OXYxMTMuMTM3TDcyOC4xNjIgMTQwLjMgMzI4LjQ2MiA1NDBIMjE1LjMyNEw2OTkuODc4IDU1LjQ0NmMxNS42Mi0xNS42MiA0MC45NDgtMTUuNjIgNTYuNTY4IDBMMTA4MCAzNzl6IiBmaWxsLW9wYWNpdHk9Ii4yIiBmaWxsPSIjMDAwIiBmaWxsLXJ1bGU9Im5vbnplcm8iLz4KICAgIDwvZz4KPC9zdmc+Cg==&#8221; _builder_version=&#8221;4.5.1&#8243; _module_preset=&#8221;default&#8221;][\/et_pb_image][\/et_pb_column][\/et_pb_row][et_pb_row column_structure=&#8221;1_2,1_2&#8243; custom_padding_last_edited=&#8221;on|phone&#8221; _builder_version=&#8221;4.5.1&#8243; _module_preset=&#8221;default&#8221; custom_padding=&#8221;168px||||false|false&#8221; custom_padding_tablet=&#8221;200px||||false|false&#8221; custom_padding_phone=&#8221;150px||||false|false&#8221; locked=&#8221;off&#8221;][et_pb_column type=&#8221;1_2&#8243; _builder_version=&#8221;4.5.1&#8243; _module_preset=&#8221;default&#8221;][et_pb_image src=&#8221;data:image\/svg+xml;base64,PHN2ZyB3aWR0aD0iMTA4MCIgaGVpZ2h0PSI1NDAiIHZpZXdCb3g9IjAgMCAxMDgwIDU0MCIgeG1sbnM9Imh0dHA6Ly93d3cudzMub3JnLzIwMDAvc3ZnIj4KICAgIDxnIGZpbGw9Im5vbmUiIGZpbGwtcnVsZT0iZXZlbm9kZCI+CiAgICAgICAgPHBhdGggZmlsbD0iI0VCRUJFQiIgZD0iTTAgMGgxMDgwdjU0MEgweiIvPgogICAgICAgIDxwYXRoIGQ9Ik00NDUuNjQ5IDU0MGgtOTguOTk1TDE0NC42NDkgMzM3Ljk5NSAwIDQ4Mi42NDR2LTk4Ljk5NWwxMTYuMzY1LTExNi4zNjVjMTUuNjItMTUuNjIgNDAuOTQ3LTE1LjYyIDU2LjU2OCAwTDQ0NS42NSA1NDB6IiBmaWxsLW9wYWNpdHk9Ii4xIiBmaWxsPSIjMDAwIiBmaWxsLXJ1bGU9Im5vbnplcm8iLz4KICAgICAgICA8Y2lyY2xlIGZpbGwtb3BhY2l0eT0iLjA1IiBmaWxsPSIjMDAwIiBjeD0iMzMxIiBjeT0iMTQ4IiByPSI3MCIvPgogICAgICAgIDxwYXRoIGQ9Ik0xMDgwIDM3OXYxMTMuMTM3TDcyOC4xNjIgMTQwLjMgMzI4LjQ2MiA1NDBIMjE1LjMyNEw2OTkuODc4IDU1LjQ0NmMxNS42Mi0xNS42MiA0MC45NDgtMTUuNjIgNTYuNTY4IDBMMTA4MCAzNzl6IiBmaWxsLW9wYWNpdHk9Ii4yIiBmaWxsPSIjMDAwIiBmaWxsLXJ1bGU9Im5vbnplcm8iLz4KICAgIDwvZz4KPC9zdmc+Cg==&#8221; _builder_version=&#8221;4.5.1&#8243; _module_preset=&#8221;default&#8221;][\/et_pb_image][\/et_pb_column][et_pb_column type=&#8221;1_2&#8243; _builder_version=&#8221;4.5.1&#8243; _module_preset=&#8221;default&#8221;][et_pb_text _builder_version=&#8221;4.5.1&#8243; _module_preset=&#8221;default&#8221; header_3_font=&#8221;Poppins|700|||||||&#8221; header_3_text_color=&#8221;#142737&#8243; header_3_font_size=&#8221;40px&#8221;]<\/p>\n<h3>Netflow \/ IPFIX<\/h3>\n<p>Netflow data is widely used for capacity monitoring in networks, it is usually widely available, free &#8211; and informative with its data.<\/p>\n<p>Netflow and is IPFIX-vendor-specific extensions can can be used also for service monitoring &#8211; in network &#8211; and data center environments, some extensions even provide data for application performance.<\/p>\n<p>Intertrace and SLIC can interface to Netflow collector &#8211; to correlate Netflow data with data from other technologies.<\/p>\n<p>[\/et_pb_text][\/et_pb_column][\/et_pb_row][et_pb_row _builder_version=&#8221;4.5.1&#8243; _module_preset=&#8221;default&#8221; custom_padding=&#8221;200px||50px||false|false&#8221; locked=&#8221;off&#8221;][et_pb_column type=&#8221;4_4&#8243; _builder_version=&#8221;4.5.1&#8243; _module_preset=&#8221;default&#8221;][et_pb_text _builder_version=&#8221;4.5.1&#8243; _module_preset=&#8221;default&#8221; header_font=&#8221;Poppins|700|||||||&#8221; header_text_color=&#8221;#142531&#8243; header_font_size=&#8221;80px&#8221; header_line_height=&#8221;1.1em&#8221; custom_margin=&#8221;0px||0px||false|false&#8221; custom_padding=&#8221;0px||0px||false|false&#8221; header_font_size_tablet=&#8221;55px&#8221; header_font_size_phone=&#8221;&#8221; header_font_size_last_edited=&#8221;on|tablet&#8221; header_line_height_phone=&#8221;1em&#8221; header_line_height_last_edited=&#8221;off|desktop&#8221;]<\/p>\n<h1>Interested?<br \/> Get your Solution NOW<\/h1>\n<p>[\/et_pb_text][et_pb_button button_url=&#8221;https:\/\/www.interviewns.de\/de\/demo-anfordern\/&#8221; button_text=&#8221;Demo&#8221; button_alignment=&#8221;right&#8221; module_class=&#8221;get-solution-demo&#8221; _builder_version=&#8221;4.5.1&#8243; _module_preset=&#8221;default&#8221; custom_button=&#8221;on&#8221; button_text_color=&#8221;#ffffff&#8221; button_bg_color=&#8221;#184f77&#8243; button_border_width=&#8221;2px&#8221; button_border_color=&#8221;#184f77&#8243; button_border_radius=&#8221;30px&#8221; button_font=&#8221;Poppins||||||||&#8221; button_use_icon=&#8221;off&#8221; custom_margin=&#8221;20px||||false|false&#8221; custom_padding=&#8221;||||false|false&#8221; button_text_color__hover_enabled=&#8221;on|hover&#8221; button_text_color__hover=&#8221;#184f77&#8243; button_bg_color__hover_enabled=&#8221;on|desktop&#8221; button_bg_color__hover=&#8221;#ffffff&#8221; button_bg_enable_color__hover=&#8221;on&#8221; button_border_color__hover_enabled=&#8221;off|desktop&#8221;][\/et_pb_button][et_pb_code _builder_version=&#8221;4.5.1&#8243; _module_preset=&#8221;default&#8221;][\/et_pb_code][\/et_pb_column][\/et_pb_row][\/et_pb_section]<\/p>\n","protected":false},"excerpt":{"rendered":"<p>TechnologiesPCAP Files PCAP files can be used for at least 2 purposes deep analysis of data for troubleshooting- and thread hunting puropse &#8211; or as sources for network\/ application monitoring data. Interview Solutions support both usecases Intertraces allows the automated analysis of Pcap files over long tim eperiods on custom defined protocol fields, content etc. [&hellip;]<\/p>\n","protected":false},"author":2,"featured_media":0,"parent":212872,"menu_order":0,"comment_status":"closed","ping_status":"closed","template":"","meta":{"_et_pb_use_builder":"on","_et_pb_old_content":"<!-- wp:paragraph -->\n<p>Dies ist eine Beispiel-Seite. Sie unterscheidet sich von Beitr\u00e4gen, da sie stets an derselben Stelle bleibt und (bei den meisten Themes) in der Website-Navigation angezeigt wird. Die meisten starten mit einem Impressum, der Datenschutzerkl\u00e4rung oder einer \u201e\u00dcber&nbsp;uns\u201c-Seite, um sich potenziellen Besuchern der Website vorzustellen. Dort k\u00f6nnte zum Beispiel stehen:<\/p>\n<!-- \/wp:paragraph -->\n\n<!-- wp:quote -->\n<blockquote class=\"wp-block-quote\"><p>Hallo! Tags\u00fcber arbeite ich als Fahrradkurier, nachts bin ich ein aufstrebender Schauspieler und dies hier ist meine Website. Ich lebe in Berlin, habe einen gro\u00dfen Hund namens Jack, mag Pi&#241;a Coladas, jedoch weniger (ohne Schirm) im Regen stehen gelassen zu werden.<\/p><\/blockquote>\n<!-- \/wp:quote -->\n\n<!-- wp:paragraph -->\n<p>...oder so etwas wie das hier:<\/p>\n<!-- \/wp:paragraph -->\n\n<!-- wp:quote -->\n<blockquote class=\"wp-block-quote\"><p>Das Unternehmen XYZ wurde 1971 gegr\u00fcndet und versorgt die \u00d6ffentlichkeit seither mit qualitativ hochwertigen Produkten. An seinem Standort in einer kleinen Gro\u00dfstadt besch\u00e4ftigt der Betrieb \u00fcber 2.000 Menschen und unterst\u00fctzt die Stadtbewohner in vielfacher Hinsicht.<\/p><\/blockquote>\n<!-- \/wp:quote -->\n\n<!-- wp:paragraph -->\n<p>Als neuer WordPress-Benutzer sollten Sie <a href=\"https:\/\/www.interviewns.de\/wordpress\/wp-admin\/\">Ihr Dashboard<\/a> aufrufen, um diese Seite zu l\u00f6schen und neue Seiten und Beitr\u00e4ge f\u00fcr Ihre Website erstellen. Viel Spa\u00df!<\/p>\n<!-- \/wp:paragraph -->","_et_gb_content_width":"","content-type":"","om_disable_all_campaigns":false,"_monsterinsights_skip_tracking":false,"_monsterinsights_sitenote_active":false,"_monsterinsights_sitenote_note":"","_monsterinsights_sitenote_category":0,"footnotes":""},"class_list":["post-213201","page","type-page","status-publish","hentry"],"yoast_head":"<!-- This site is optimized with the Yoast SEO plugin v26.8 - https:\/\/yoast.com\/product\/yoast-seo-wordpress\/ -->\n<title>Technologies - Interview Network Solutions %<\/title>\n<meta name=\"description\" content=\"%\" \/>\n<meta name=\"robots\" content=\"index, follow, max-snippet:-1, max-image-preview:large, max-video-preview:-1\" \/>\n<link rel=\"canonical\" href=\"https:\/\/www.interviewns.de\/en_us\/integration\/technologies\/\" \/>\n<meta property=\"og:locale\" content=\"en_US\" \/>\n<meta property=\"og:type\" content=\"article\" \/>\n<meta property=\"og:title\" content=\"Technologies - Interview Network Solutions %\" \/>\n<meta property=\"og:description\" content=\"%\" \/>\n<meta property=\"og:url\" content=\"https:\/\/www.interviewns.de\/en_us\/integration\/technologies\/\" \/>\n<meta property=\"og:site_name\" content=\"Interview Network Solutions\" \/>\n<meta property=\"article:modified_time\" content=\"2021-08-10T10:37:09+00:00\" \/>\n<meta name=\"twitter:card\" content=\"summary_large_image\" \/>\n<meta name=\"twitter:label1\" content=\"Est. reading time\" \/>\n\t<meta name=\"twitter:data1\" content=\"8 minutes\" \/>\n<script type=\"application\/ld+json\" class=\"yoast-schema-graph\">{\"@context\":\"https:\/\/schema.org\",\"@graph\":[{\"@type\":\"WebPage\",\"@id\":\"https:\/\/www.interviewns.de\/integration\/technologies\/\",\"url\":\"https:\/\/www.interviewns.de\/integration\/technologies\/\",\"name\":\"Technologies - Interview Network Solutions %\",\"isPartOf\":{\"@id\":\"https:\/\/www.interviewns.de\/en_us\/#website\"},\"datePublished\":\"2020-10-18T14:25:40+00:00\",\"dateModified\":\"2021-08-10T10:37:09+00:00\",\"description\":\"%\",\"breadcrumb\":{\"@id\":\"https:\/\/www.interviewns.de\/integration\/technologies\/#breadcrumb\"},\"inLanguage\":\"en-US\",\"potentialAction\":[{\"@type\":\"ReadAction\",\"target\":[\"https:\/\/www.interviewns.de\/integration\/technologies\/\"]}]},{\"@type\":\"BreadcrumbList\",\"@id\":\"https:\/\/www.interviewns.de\/integration\/technologies\/#breadcrumb\",\"itemListElement\":[{\"@type\":\"ListItem\",\"position\":1,\"name\":\"Startseite\",\"item\":\"https:\/\/www.interviewns.de\/en_us\/\"},{\"@type\":\"ListItem\",\"position\":2,\"name\":\"Integration\",\"item\":\"https:\/\/www.interviewns.de\/integration\/\"},{\"@type\":\"ListItem\",\"position\":3,\"name\":\"Technologies\"}]},{\"@type\":\"WebSite\",\"@id\":\"https:\/\/www.interviewns.de\/en_us\/#website\",\"url\":\"https:\/\/www.interviewns.de\/en_us\/\",\"name\":\"Interview Network Solutions\",\"description\":\"\",\"publisher\":{\"@id\":\"https:\/\/www.interviewns.de\/en_us\/#organization\"},\"potentialAction\":[{\"@type\":\"SearchAction\",\"target\":{\"@type\":\"EntryPoint\",\"urlTemplate\":\"https:\/\/www.interviewns.de\/en_us\/?s={search_term_string}\"},\"query-input\":{\"@type\":\"PropertyValueSpecification\",\"valueRequired\":true,\"valueName\":\"search_term_string\"}}],\"inLanguage\":\"en-US\"},{\"@type\":\"Organization\",\"@id\":\"https:\/\/www.interviewns.de\/en_us\/#organization\",\"name\":\"Interview Network Solutions\",\"url\":\"https:\/\/www.interviewns.de\/en_us\/\",\"logo\":{\"@type\":\"ImageObject\",\"inLanguage\":\"en-US\",\"@id\":\"https:\/\/www.interviewns.de\/en_us\/#\/schema\/logo\/image\/\",\"url\":\"https:\/\/www.interviewns.de\/wp-content\/uploads\/2021\/05\/ins-main-logo.png\",\"contentUrl\":\"https:\/\/www.interviewns.de\/wp-content\/uploads\/2021\/05\/ins-main-logo.png\",\"width\":297,\"height\":138,\"caption\":\"Interview Network Solutions\"},\"image\":{\"@id\":\"https:\/\/www.interviewns.de\/en_us\/#\/schema\/logo\/image\/\"}}]}<\/script>\n<!-- \/ Yoast SEO plugin. -->","yoast_head_json":{"title":"Technologies - Interview Network Solutions %","description":"%","robots":{"index":"index","follow":"follow","max-snippet":"max-snippet:-1","max-image-preview":"max-image-preview:large","max-video-preview":"max-video-preview:-1"},"canonical":"https:\/\/www.interviewns.de\/en_us\/integration\/technologies\/","og_locale":"en_US","og_type":"article","og_title":"Technologies - Interview Network Solutions %","og_description":"%","og_url":"https:\/\/www.interviewns.de\/en_us\/integration\/technologies\/","og_site_name":"Interview Network Solutions","article_modified_time":"2021-08-10T10:37:09+00:00","twitter_card":"summary_large_image","twitter_misc":{"Est. reading time":"8 minutes"},"schema":{"@context":"https:\/\/schema.org","@graph":[{"@type":"WebPage","@id":"https:\/\/www.interviewns.de\/integration\/technologies\/","url":"https:\/\/www.interviewns.de\/integration\/technologies\/","name":"Technologies - Interview Network Solutions %","isPartOf":{"@id":"https:\/\/www.interviewns.de\/en_us\/#website"},"datePublished":"2020-10-18T14:25:40+00:00","dateModified":"2021-08-10T10:37:09+00:00","description":"%","breadcrumb":{"@id":"https:\/\/www.interviewns.de\/integration\/technologies\/#breadcrumb"},"inLanguage":"en-US","potentialAction":[{"@type":"ReadAction","target":["https:\/\/www.interviewns.de\/integration\/technologies\/"]}]},{"@type":"BreadcrumbList","@id":"https:\/\/www.interviewns.de\/integration\/technologies\/#breadcrumb","itemListElement":[{"@type":"ListItem","position":1,"name":"Startseite","item":"https:\/\/www.interviewns.de\/en_us\/"},{"@type":"ListItem","position":2,"name":"Integration","item":"https:\/\/www.interviewns.de\/integration\/"},{"@type":"ListItem","position":3,"name":"Technologies"}]},{"@type":"WebSite","@id":"https:\/\/www.interviewns.de\/en_us\/#website","url":"https:\/\/www.interviewns.de\/en_us\/","name":"Interview Network Solutions","description":"","publisher":{"@id":"https:\/\/www.interviewns.de\/en_us\/#organization"},"potentialAction":[{"@type":"SearchAction","target":{"@type":"EntryPoint","urlTemplate":"https:\/\/www.interviewns.de\/en_us\/?s={search_term_string}"},"query-input":{"@type":"PropertyValueSpecification","valueRequired":true,"valueName":"search_term_string"}}],"inLanguage":"en-US"},{"@type":"Organization","@id":"https:\/\/www.interviewns.de\/en_us\/#organization","name":"Interview Network Solutions","url":"https:\/\/www.interviewns.de\/en_us\/","logo":{"@type":"ImageObject","inLanguage":"en-US","@id":"https:\/\/www.interviewns.de\/en_us\/#\/schema\/logo\/image\/","url":"https:\/\/www.interviewns.de\/wp-content\/uploads\/2021\/05\/ins-main-logo.png","contentUrl":"https:\/\/www.interviewns.de\/wp-content\/uploads\/2021\/05\/ins-main-logo.png","width":297,"height":138,"caption":"Interview Network Solutions"},"image":{"@id":"https:\/\/www.interviewns.de\/en_us\/#\/schema\/logo\/image\/"}}]}},"_links":{"self":[{"href":"https:\/\/www.interviewns.de\/en_us\/wp-json\/wp\/v2\/pages\/213201","targetHints":{"allow":["GET"]}}],"collection":[{"href":"https:\/\/www.interviewns.de\/en_us\/wp-json\/wp\/v2\/pages"}],"about":[{"href":"https:\/\/www.interviewns.de\/en_us\/wp-json\/wp\/v2\/types\/page"}],"author":[{"embeddable":true,"href":"https:\/\/www.interviewns.de\/en_us\/wp-json\/wp\/v2\/users\/2"}],"replies":[{"embeddable":true,"href":"https:\/\/www.interviewns.de\/en_us\/wp-json\/wp\/v2\/comments?post=213201"}],"version-history":[{"count":19,"href":"https:\/\/www.interviewns.de\/en_us\/wp-json\/wp\/v2\/pages\/213201\/revisions"}],"predecessor-version":[{"id":214375,"href":"https:\/\/www.interviewns.de\/en_us\/wp-json\/wp\/v2\/pages\/213201\/revisions\/214375"}],"up":[{"embeddable":true,"href":"https:\/\/www.interviewns.de\/en_us\/wp-json\/wp\/v2\/pages\/212872"}],"wp:attachment":[{"href":"https:\/\/www.interviewns.de\/en_us\/wp-json\/wp\/v2\/media?parent=213201"}],"curies":[{"name":"wp","href":"https:\/\/api.w.org\/{rel}","templated":true}]}}