{"id":213231,"date":"2020-10-18T16:35:07","date_gmt":"2020-10-18T14:35:07","guid":{"rendered":"https:\/\/www.interviewns.de\/wordpress\/?page_id=213231"},"modified":"2020-11-16T16:24:06","modified_gmt":"2020-11-16T15:24:06","slug":"netflow-auditor-ideadata","status":"publish","type":"page","link":"https:\/\/www.interviewns.de\/en_us\/integration\/tech-partners-sources\/netflow-auditor-ideadata\/","title":{"rendered":"ideaData"},"content":{"rendered":"<p>[et_pb_section fb_built=&#8221;1&#8243; admin_label=&#8221;Hero&#8221; _builder_version=&#8221;4.5.1&#8243; background_color=&#8221;#111111&#8243; background_enable_image=&#8221;off&#8221; height=&#8221;200px&#8221; custom_padding=&#8221;20px||||false|false&#8221; top_divider_color=&#8221;#17161B&#8221; bottom_divider_height=&#8221;99px&#8221; animation_direction=&#8221;top&#8221; locked=&#8221;off&#8221;][et_pb_row _builder_version=&#8221;4.5.1&#8243; _module_preset=&#8221;default&#8221; custom_margin=&#8221;0px||0px||false|false&#8221; custom_padding=&#8221;0px||0px||false|false&#8221;][et_pb_column type=&#8221;4_4&#8243; _builder_version=&#8221;4.5.1&#8243; _module_preset=&#8221;default&#8221;][et_pb_text _builder_version=&#8221;4.5.1&#8243; header_font=&#8221;|700|||||||&#8221; header_font_size=&#8221;75px&#8221; header_line_height=&#8221;1.3em&#8221; background_layout=&#8221;dark&#8221; custom_margin=&#8221;0px||0px||false|false&#8221; custom_padding=&#8221;30px||0px||false|false&#8221; animation_style=&#8221;slide&#8221; animation_direction=&#8221;left&#8221; animation_intensity_slide=&#8221;1%&#8221; header_font_size_last_edited=&#8221;off|desktop&#8221; locked=&#8221;off&#8221;]<\/p>\n<h1>Netflow Auditor \/ ideaData<\/h1>\n<p>[\/et_pb_text][\/et_pb_column][\/et_pb_row][\/et_pb_section][et_pb_section fb_built=&#8221;1&#8243; _builder_version=&#8221;4.5.1&#8243; _module_preset=&#8221;default&#8221;][et_pb_row _builder_version=&#8221;4.5.1&#8243; _module_preset=&#8221;default&#8221;][et_pb_column type=&#8221;4_4&#8243; _builder_version=&#8221;4.5.1&#8243; _module_preset=&#8221;default&#8221;][et_pb_text _builder_version=&#8221;4.5.1&#8243; _module_preset=&#8221;default&#8221;]<\/p>\n<h1>AI Netflow analysis und Packet Capture integration<\/h1>\n<p>Packet Capture Analysis is the last mile, requiring deepest knowledge of protocols, performance values, status codes \u00a0and anomalies shown in packets.<\/p>\n<p>Deep packet analysis is often a manual and time consuming task and must be somehow triggerd to be executed, usually by an external incident or command \u2013 or by the data provided by the capture solution itself \u2013 which is the most optimal workflow, when incident- or anomaly detecting system can provide the packet data.<\/p>\n<p>[\/et_pb_text][\/et_pb_column][\/et_pb_row][\/et_pb_section][et_pb_section fb_built=&#8221;1&#8243; _builder_version=&#8221;4.5.1&#8243; _module_preset=&#8221;default&#8221;][et_pb_row column_structure=&#8221;1_2,1_2&#8243; _builder_version=&#8221;4.5.1&#8243; _module_preset=&#8221;default&#8221;][et_pb_column type=&#8221;1_2&#8243; _builder_version=&#8221;4.5.1&#8243; _module_preset=&#8221;default&#8221;][et_pb_text _builder_version=&#8221;4.5.1&#8243; _module_preset=&#8221;default&#8221; background_image=&#8221;https:\/\/www.interviewns.de\/wp-content\/uploads\/2020\/11\/IPAC-NFA.png&#8221; custom_padding=&#8221;56px||82px||false|false&#8221;][\/et_pb_text][\/et_pb_column][et_pb_column type=&#8221;1_2&#8243; _builder_version=&#8221;4.5.1&#8243; _module_preset=&#8221;default&#8221;][et_pb_text _builder_version=&#8221;4.5.1&#8243; _module_preset=&#8221;default&#8221; custom_padding=&#8221;20px||||false|false&#8221;]<\/p>\n<h2>seamless solution for the\u00a0 Integration of\u00a0 high-performance netflow und\u00a0 Packet Capture<\/h2>\n<p>[\/et_pb_text][\/et_pb_column][\/et_pb_row][\/et_pb_section][et_pb_section fb_built=&#8221;1&#8243; _builder_version=&#8221;4.5.1&#8243; _module_preset=&#8221;default&#8221;][et_pb_row column_structure=&#8221;2_3,1_3&#8243; _builder_version=&#8221;4.5.1&#8243; _module_preset=&#8221;default&#8221;][et_pb_column type=&#8221;2_3&#8243; _builder_version=&#8221;4.5.1&#8243; _module_preset=&#8221;default&#8221;][et_pb_text _builder_version=&#8221;4.5.1&#8243; _module_preset=&#8221;default&#8221; hover_enabled=&#8221;0&#8243;]<\/p>\n<h1>Idea Data<\/h1>\n<p>NetFlow Auditors Unique approach delivers comparative baselining, superior granularity, scalable collection, root cause analysis and QoS Analysis. All designed to run independently or work together as a powerful single unit.<\/p>\n<p>NetFlow Auditor empowers communication and application visibility for networking, security, billing and compliance with high-end integrated network traffic analytics, granular forensics, cybersecurity intelligence, cloud usage, internet-of-things analytics, peering and billing to medium and large enterprise customers and service providers.<\/p>\n<p>We provide absolute data retention, enabling the most data orientated decision making and cost-effective workflow for any organization, significantly enhancing network performance, network security and cyber intelligence to the highest level.<\/p>\n<p>&nbsp;<\/p>\n<p>[\/et_pb_text][\/et_pb_column][et_pb_column type=&#8221;1_3&#8243; _builder_version=&#8221;4.5.1&#8243; _module_preset=&#8221;default&#8221;][et_pb_image src=&#8221;https:\/\/www.interviewns.de\/wp-content\/uploads\/2020\/10\/csm_IDEA_data_solutions_e3b7e25f98.png&#8221; title_text=&#8221;csm_IDEA_data_solutions_e3b7e25f98&#8243; url=&#8221;https:\/\/www.netflowauditor.com&#8221; url_new_window=&#8221;on&#8221; _builder_version=&#8221;4.5.1&#8243; _module_preset=&#8221;default&#8221;][\/et_pb_image][\/et_pb_column][\/et_pb_row][\/et_pb_section][et_pb_section fb_built=&#8221;1&#8243; _builder_version=&#8221;4.5.1&#8243; _module_preset=&#8221;default&#8221;][et_pb_row _builder_version=&#8221;4.5.1&#8243; _module_preset=&#8221;default&#8221;][et_pb_column type=&#8221;4_4&#8243; _builder_version=&#8221;4.5.1&#8243; _module_preset=&#8221;default&#8221;][et_pb_text _builder_version=&#8221;4.5.1&#8243; _module_preset=&#8221;default&#8221;]<\/p>\n<p><strong>Which Problem does it solve <\/strong><\/p>\n<p>Many capture solution with deeper analysis features can not sustain high traffic load, because the processing requires too much CPU- where other capture solutions can capture\u00a0 zero-loss data in 40\/100 Gig networks \u2013 but don\u2019t provide deep data to get an understanding of the network and a hint where further analysis is required.<\/p>\n<p>&nbsp;<\/p>\n<p>On the other side highspeed netflow does exist \u201ceverywhere\u201d.<\/p>\n<p>With IPFIX-vendor-extensions going much deeper into areas of npm, apm and security analysis \u2013 if these extension can get interpreted by the netflow solution.<\/p>\n<p>So Netflow is becoming one of the most precious platforms for network analysis.<\/p>\n<p>&nbsp;<\/p>\n<p>[\/et_pb_text][et_pb_text _builder_version=&#8221;4.5.1&#8243; _module_preset=&#8221;default&#8221;]<\/p>\n<h2>Description<\/h2>\n<p>IPAC was developed to combine and integrate various data sources to provide seamless cross-border workflows.<\/p>\n<p>IdeaData with its excellent and featurerich \u00a0product \u201cNetflow Auditor\u201d provides following exclusive features for this purpose<\/p>\n<p>[\/et_pb_text][et_pb_text _builder_version=&#8221;4.5.1&#8243; _module_preset=&#8221;default&#8221; custom_padding=&#8221;|||41px|false|false&#8221;]<\/p>\n<ul>\n<li>Fully integration of various Netflow \/ IPFIX versions ( incl. IXFLOW and nTop, what was required)<\/li>\n<li>Easy access all fields of netflow data by json or API<\/li>\n<li>Baselining for flows<\/li>\n<li>Data organization based on variable subnet schemes<\/li>\n<li>Flexible for extending displayed metrics<\/li>\n<\/ul>\n<p>[\/et_pb_text][et_pb_image src=&#8221;https:\/\/www.interviewns.de\/wp-content\/uploads\/2020\/08\/Screen-Shot-2017-08-15-at-17.38.42.png&#8221; title_text=&#8221;Screen Shot 2017-08-15 at 17.38.42&#8243; _builder_version=&#8221;4.5.1&#8243; _module_preset=&#8221;default&#8221;][\/et_pb_image][et_pb_text _builder_version=&#8221;4.5.1&#8243; _module_preset=&#8221;default&#8221;]<\/p>\n<h2>Interview iPAC \u2013 interview packet analysis center<\/h2>\n<p>\u2013 a software integrating different technologies to provide seamless workflows to the user.<\/p>\n<ul>\n<li><strong>Netflow data<\/strong> from a Packet Broker exists in highspeed \u2013 high performance networks<\/li>\n<li><strong>Capture appliances<\/strong> at speeds beyond 20 Gbps often do not provide deep statistics about the traffic.<\/li>\n<\/ul>\n<p>By <strong>integrating netflow data and highspeed capture<\/strong> \u2013 best of both worlds could be merged to create a powerful, high performance solution for networks beyond 20 Gbps:<\/p>\n<p>Netflow data shows statististics of traffic and it sources \u2013 in this case DPI app recognition netflow was used, supporting metrics like http-return codes, server response time, dns time etc.<\/p>\n<p>Using IPAC, customer could identify critical values on IPAC Dashboard, select objects of interest and download the packets from the connected packet capture device.<\/p>\n<p>[\/et_pb_text][et_pb_image src=&#8221;https:\/\/www.interviewns.de\/wp-content\/uploads\/2020\/11\/ipacNetflow.png&#8221; title_text=&#8221;ipacNetflow&#8221; _builder_version=&#8221;4.5.1&#8243; _module_preset=&#8221;default&#8221;][\/et_pb_image][\/et_pb_column][\/et_pb_row][\/et_pb_section]<\/p>\n","protected":false},"excerpt":{"rendered":"<p>Netflow Auditor \/ ideaDataAI Netflow analysis und Packet Capture integration Packet Capture Analysis is the last mile, requiring deepest knowledge of protocols, performance values, status codes \u00a0and anomalies shown in packets. Deep packet analysis is often a manual and time consuming task and must be somehow triggerd to be executed, usually by an external incident [&hellip;]<\/p>\n","protected":false},"author":2,"featured_media":0,"parent":213184,"menu_order":0,"comment_status":"closed","ping_status":"closed","template":"","meta":{"_et_pb_use_builder":"on","_et_pb_old_content":"<!-- wp:paragraph -->\n<p>Dies ist eine Beispiel-Seite. Sie unterscheidet sich von Beitr\u00e4gen, da sie stets an derselben Stelle bleibt und (bei den meisten Themes) in der Website-Navigation angezeigt wird. Die meisten starten mit einem Impressum, der Datenschutzerkl\u00e4rung oder einer \u201e\u00dcber&nbsp;uns\u201c-Seite, um sich potenziellen Besuchern der Website vorzustellen. Dort k\u00f6nnte zum Beispiel stehen:<\/p>\n<!-- \/wp:paragraph -->\n\n<!-- wp:quote -->\n<blockquote class=\"wp-block-quote\"><p>Hallo! Tags\u00fcber arbeite ich als Fahrradkurier, nachts bin ich ein aufstrebender Schauspieler und dies hier ist meine Website. Ich lebe in Berlin, habe einen gro\u00dfen Hund namens Jack, mag Pi&#241;a Coladas, jedoch weniger (ohne Schirm) im Regen stehen gelassen zu werden.<\/p><\/blockquote>\n<!-- \/wp:quote -->\n\n<!-- wp:paragraph -->\n<p>...oder so etwas wie das hier:<\/p>\n<!-- \/wp:paragraph -->\n\n<!-- wp:quote -->\n<blockquote class=\"wp-block-quote\"><p>Das Unternehmen XYZ wurde 1971 gegr\u00fcndet und versorgt die \u00d6ffentlichkeit seither mit qualitativ hochwertigen Produkten. An seinem Standort in einer kleinen Gro\u00dfstadt besch\u00e4ftigt der Betrieb \u00fcber 2.000 Menschen und unterst\u00fctzt die Stadtbewohner in vielfacher Hinsicht.<\/p><\/blockquote>\n<!-- \/wp:quote -->\n\n<!-- wp:paragraph -->\n<p>Als neuer WordPress-Benutzer sollten Sie <a href=\"https:\/\/www.interviewns.de\/wordpress\/wp-admin\/\">Ihr Dashboard<\/a> aufrufen, um diese Seite zu l\u00f6schen und neue Seiten und Beitr\u00e4ge f\u00fcr Ihre Website erstellen. Viel Spa\u00df!<\/p>\n<!-- \/wp:paragraph -->","_et_gb_content_width":"","content-type":"","om_disable_all_campaigns":false,"_monsterinsights_skip_tracking":false,"_monsterinsights_sitenote_active":false,"_monsterinsights_sitenote_note":"","_monsterinsights_sitenote_category":0,"footnotes":""},"class_list":["post-213231","page","type-page","status-publish","hentry"],"yoast_head":"<!-- This site is optimized with the Yoast SEO plugin v26.8 - https:\/\/yoast.com\/product\/yoast-seo-wordpress\/ -->\n<title>ideaData - Interview Network Solutions %<\/title>\n<meta name=\"description\" content=\"%\" \/>\n<meta name=\"robots\" content=\"index, follow, max-snippet:-1, max-image-preview:large, max-video-preview:-1\" \/>\n<link rel=\"canonical\" href=\"https:\/\/www.interviewns.de\/en_us\/integration\/tech-partners-sources\/netflow-auditor-ideadata\/\" \/>\n<meta property=\"og:locale\" content=\"en_US\" \/>\n<meta property=\"og:type\" content=\"article\" \/>\n<meta property=\"og:title\" content=\"ideaData - Interview Network Solutions %\" \/>\n<meta property=\"og:description\" content=\"%\" \/>\n<meta property=\"og:url\" content=\"https:\/\/www.interviewns.de\/en_us\/integration\/tech-partners-sources\/netflow-auditor-ideadata\/\" \/>\n<meta property=\"og:site_name\" content=\"Interview Network Solutions\" \/>\n<meta property=\"article:modified_time\" content=\"2020-11-16T15:24:06+00:00\" \/>\n<meta name=\"twitter:card\" content=\"summary_large_image\" \/>\n<meta name=\"twitter:label1\" content=\"Est. reading time\" \/>\n\t<meta name=\"twitter:data1\" content=\"5 minutes\" \/>\n<script type=\"application\/ld+json\" class=\"yoast-schema-graph\">{\"@context\":\"https:\/\/schema.org\",\"@graph\":[{\"@type\":\"WebPage\",\"@id\":\"https:\/\/www.interviewns.de\/integration\/tech-partners-sources\/netflow-auditor-ideadata\/\",\"url\":\"https:\/\/www.interviewns.de\/integration\/tech-partners-sources\/netflow-auditor-ideadata\/\",\"name\":\"ideaData - Interview Network Solutions %\",\"isPartOf\":{\"@id\":\"https:\/\/www.interviewns.de\/en_us\/#website\"},\"datePublished\":\"2020-10-18T14:35:07+00:00\",\"dateModified\":\"2020-11-16T15:24:06+00:00\",\"description\":\"%\",\"breadcrumb\":{\"@id\":\"https:\/\/www.interviewns.de\/integration\/tech-partners-sources\/netflow-auditor-ideadata\/#breadcrumb\"},\"inLanguage\":\"en-US\",\"potentialAction\":[{\"@type\":\"ReadAction\",\"target\":[\"https:\/\/www.interviewns.de\/integration\/tech-partners-sources\/netflow-auditor-ideadata\/\"]}]},{\"@type\":\"BreadcrumbList\",\"@id\":\"https:\/\/www.interviewns.de\/integration\/tech-partners-sources\/netflow-auditor-ideadata\/#breadcrumb\",\"itemListElement\":[{\"@type\":\"ListItem\",\"position\":1,\"name\":\"Startseite\",\"item\":\"https:\/\/www.interviewns.de\/en_us\/\"},{\"@type\":\"ListItem\",\"position\":2,\"name\":\"Integration\",\"item\":\"https:\/\/www.interviewns.de\/integration\/\"},{\"@type\":\"ListItem\",\"position\":3,\"name\":\"Tech Partners\",\"item\":\"https:\/\/www.interviewns.de\/integration\/tech-partners-sources\/\"},{\"@type\":\"ListItem\",\"position\":4,\"name\":\"ideaData\"}]},{\"@type\":\"WebSite\",\"@id\":\"https:\/\/www.interviewns.de\/en_us\/#website\",\"url\":\"https:\/\/www.interviewns.de\/en_us\/\",\"name\":\"Interview Network Solutions\",\"description\":\"\",\"publisher\":{\"@id\":\"https:\/\/www.interviewns.de\/en_us\/#organization\"},\"potentialAction\":[{\"@type\":\"SearchAction\",\"target\":{\"@type\":\"EntryPoint\",\"urlTemplate\":\"https:\/\/www.interviewns.de\/en_us\/?s={search_term_string}\"},\"query-input\":{\"@type\":\"PropertyValueSpecification\",\"valueRequired\":true,\"valueName\":\"search_term_string\"}}],\"inLanguage\":\"en-US\"},{\"@type\":\"Organization\",\"@id\":\"https:\/\/www.interviewns.de\/en_us\/#organization\",\"name\":\"Interview Network Solutions\",\"url\":\"https:\/\/www.interviewns.de\/en_us\/\",\"logo\":{\"@type\":\"ImageObject\",\"inLanguage\":\"en-US\",\"@id\":\"https:\/\/www.interviewns.de\/en_us\/#\/schema\/logo\/image\/\",\"url\":\"https:\/\/www.interviewns.de\/wp-content\/uploads\/2021\/05\/ins-main-logo.png\",\"contentUrl\":\"https:\/\/www.interviewns.de\/wp-content\/uploads\/2021\/05\/ins-main-logo.png\",\"width\":297,\"height\":138,\"caption\":\"Interview Network Solutions\"},\"image\":{\"@id\":\"https:\/\/www.interviewns.de\/en_us\/#\/schema\/logo\/image\/\"}}]}<\/script>\n<!-- \/ Yoast SEO plugin. -->","yoast_head_json":{"title":"ideaData - Interview Network Solutions %","description":"%","robots":{"index":"index","follow":"follow","max-snippet":"max-snippet:-1","max-image-preview":"max-image-preview:large","max-video-preview":"max-video-preview:-1"},"canonical":"https:\/\/www.interviewns.de\/en_us\/integration\/tech-partners-sources\/netflow-auditor-ideadata\/","og_locale":"en_US","og_type":"article","og_title":"ideaData - Interview Network Solutions %","og_description":"%","og_url":"https:\/\/www.interviewns.de\/en_us\/integration\/tech-partners-sources\/netflow-auditor-ideadata\/","og_site_name":"Interview Network Solutions","article_modified_time":"2020-11-16T15:24:06+00:00","twitter_card":"summary_large_image","twitter_misc":{"Est. reading time":"5 minutes"},"schema":{"@context":"https:\/\/schema.org","@graph":[{"@type":"WebPage","@id":"https:\/\/www.interviewns.de\/integration\/tech-partners-sources\/netflow-auditor-ideadata\/","url":"https:\/\/www.interviewns.de\/integration\/tech-partners-sources\/netflow-auditor-ideadata\/","name":"ideaData - Interview Network Solutions %","isPartOf":{"@id":"https:\/\/www.interviewns.de\/en_us\/#website"},"datePublished":"2020-10-18T14:35:07+00:00","dateModified":"2020-11-16T15:24:06+00:00","description":"%","breadcrumb":{"@id":"https:\/\/www.interviewns.de\/integration\/tech-partners-sources\/netflow-auditor-ideadata\/#breadcrumb"},"inLanguage":"en-US","potentialAction":[{"@type":"ReadAction","target":["https:\/\/www.interviewns.de\/integration\/tech-partners-sources\/netflow-auditor-ideadata\/"]}]},{"@type":"BreadcrumbList","@id":"https:\/\/www.interviewns.de\/integration\/tech-partners-sources\/netflow-auditor-ideadata\/#breadcrumb","itemListElement":[{"@type":"ListItem","position":1,"name":"Startseite","item":"https:\/\/www.interviewns.de\/en_us\/"},{"@type":"ListItem","position":2,"name":"Integration","item":"https:\/\/www.interviewns.de\/integration\/"},{"@type":"ListItem","position":3,"name":"Tech Partners","item":"https:\/\/www.interviewns.de\/integration\/tech-partners-sources\/"},{"@type":"ListItem","position":4,"name":"ideaData"}]},{"@type":"WebSite","@id":"https:\/\/www.interviewns.de\/en_us\/#website","url":"https:\/\/www.interviewns.de\/en_us\/","name":"Interview Network Solutions","description":"","publisher":{"@id":"https:\/\/www.interviewns.de\/en_us\/#organization"},"potentialAction":[{"@type":"SearchAction","target":{"@type":"EntryPoint","urlTemplate":"https:\/\/www.interviewns.de\/en_us\/?s={search_term_string}"},"query-input":{"@type":"PropertyValueSpecification","valueRequired":true,"valueName":"search_term_string"}}],"inLanguage":"en-US"},{"@type":"Organization","@id":"https:\/\/www.interviewns.de\/en_us\/#organization","name":"Interview Network Solutions","url":"https:\/\/www.interviewns.de\/en_us\/","logo":{"@type":"ImageObject","inLanguage":"en-US","@id":"https:\/\/www.interviewns.de\/en_us\/#\/schema\/logo\/image\/","url":"https:\/\/www.interviewns.de\/wp-content\/uploads\/2021\/05\/ins-main-logo.png","contentUrl":"https:\/\/www.interviewns.de\/wp-content\/uploads\/2021\/05\/ins-main-logo.png","width":297,"height":138,"caption":"Interview Network Solutions"},"image":{"@id":"https:\/\/www.interviewns.de\/en_us\/#\/schema\/logo\/image\/"}}]}},"_links":{"self":[{"href":"https:\/\/www.interviewns.de\/en_us\/wp-json\/wp\/v2\/pages\/213231","targetHints":{"allow":["GET"]}}],"collection":[{"href":"https:\/\/www.interviewns.de\/en_us\/wp-json\/wp\/v2\/pages"}],"about":[{"href":"https:\/\/www.interviewns.de\/en_us\/wp-json\/wp\/v2\/types\/page"}],"author":[{"embeddable":true,"href":"https:\/\/www.interviewns.de\/en_us\/wp-json\/wp\/v2\/users\/2"}],"replies":[{"embeddable":true,"href":"https:\/\/www.interviewns.de\/en_us\/wp-json\/wp\/v2\/comments?post=213231"}],"version-history":[{"count":8,"href":"https:\/\/www.interviewns.de\/en_us\/wp-json\/wp\/v2\/pages\/213231\/revisions"}],"predecessor-version":[{"id":213656,"href":"https:\/\/www.interviewns.de\/en_us\/wp-json\/wp\/v2\/pages\/213231\/revisions\/213656"}],"up":[{"embeddable":true,"href":"https:\/\/www.interviewns.de\/en_us\/wp-json\/wp\/v2\/pages\/213184"}],"wp:attachment":[{"href":"https:\/\/www.interviewns.de\/en_us\/wp-json\/wp\/v2\/media?parent=213231"}],"curies":[{"name":"wp","href":"https:\/\/api.w.org\/{rel}","templated":true}]}}